{"id":881,"date":"2026-03-12T23:16:05","date_gmt":"2026-03-12T23:16:05","guid":{"rendered":"https:\/\/etavisauk.org\/about-us\/"},"modified":"2026-03-19T14:59:20","modified_gmt":"2026-03-19T14:59:20","slug":"about-us","status":"publish","type":"page","link":"https:\/\/etavisauk.org\/vi\/about-us\/","title":{"rendered":"Gi\u1edbi thi\u1ec7u v\u1ec1 ch\u00fang t\u00f4i"},"content":{"rendered":"<h2>Gi\u1edbi thi\u1ec7u v\u1ec1 ETA UK<\/h2>\n<p>Ch\u00e0o m\u1eebng \u0111\u1ebfn v\u1edbi <strong>ETA UK<\/strong> (etavisauk.org), ngu\u1ed3n th\u00f4ng tin \u0111\u1ed9c l\u1eadp h\u00e0ng \u0111\u1ea7u v\u1ec1 H\u1ec7 th\u1ed1ng Gi\u1ea5y ph\u00e9p Du l\u1ecbch \u0110i\u1ec7n t\u1eed c\u1ee7a V\u01b0\u01a1ng qu\u1ed1c Anh. K\u1ec3 t\u1eeb n\u0103m 2025, ch\u00fang t\u00f4i \u0111\u00e3 h\u1ed7 tr\u1ee3 du kh\u00e1ch t\u1eeb h\u01a1n 85 qu\u1ed1c gia hi\u1ec3u r\u00f5 v\u00e0 l\u00e0m th\u1ee7 t\u1ee5c theo c\u00e1c y\u00eau c\u1ea7u v\u1ec1 ETA c\u1ee7a V\u01b0\u01a1ng qu\u1ed1c Anh th\u00f4ng qua nh\u1eefng h\u01b0\u1edbng d\u1eabn r\u00f5 r\u00e0ng, ch\u00ednh x\u00e1c v\u00e0 c\u1eadp nh\u1eadt.<\/p>\n<h2>S\u1ee9 m\u1ec7nh c\u1ee7a ch\u00fang t\u00f4i<\/h2>\n<p>S\u1ee9 m\u1ec7nh c\u1ee7a ch\u00fang t\u00f4i l\u00e0 gi\u00fap vi\u1ec7c du l\u1ecbch \u0111\u1ebfn V\u01b0\u01a1ng qu\u1ed1c Anh tr\u1edf n\u00ean d\u1ec5 d\u00e0ng h\u01a1n b\u1eb1ng c\u00e1ch cung c\u1ea5p th\u00f4ng tin to\u00e0n di\u1ec7n v\u00e0 \u0111a ng\u00f4n ng\u1eef v\u1ec1 h\u1ec7 th\u1ed1ng ETA. Ch\u00fang t\u00f4i tin r\u1eb1ng m\u1ecdi du kh\u00e1ch \u0111\u1ec1u x\u1ee9ng \u0111\u00e1ng nh\u1eadn \u0111\u01b0\u1ee3c nh\u1eefng c\u00e2u tr\u1ea3 l\u1eddi r\u00f5 r\u00e0ng cho c\u00e1c th\u1eafc m\u1eafc c\u1ee7a m\u00ecnh \u2014 d\u00f9 b\u1ea1n \u0111ang gh\u00e9 th\u0103m London l\u1ea7n \u0111\u1ea7u ti\u00ean, qu\u00e1 c\u1ea3nh t\u1ea1i m\u1ed9t s\u00e2n bay \u1edf V\u01b0\u01a1ng qu\u1ed1c Anh, hay \u0111ang l\u00ean k\u1ebf ho\u1ea1ch cho m\u1ed9t k\u1ef3 ngh\u1ec9 gia \u0111\u00ecnh t\u1ea1i Anh, Scotland, x\u1ee9 Wales v\u00e0 B\u1eafc Ireland.<\/p>\n<h2>Ch\u00fang t\u00f4i cung c\u1ea5p nh\u1eefng d\u1ecbch v\u1ee5 g\u00ec<\/h2>\n<ul>\n<li><strong>Y\u00eau c\u1ea7u v\u00e0 H\u01b0\u1edbng d\u1eabn n\u1ed9p \u0111\u01a1n ETA<\/strong> \u2014 H\u01b0\u1edbng d\u1eabn chi ti\u1ebft t\u1eebng b\u01b0\u1edbc d\u00e0nh cho c\u00f4ng d\u00e2n c\u1ee7a t\u1ea5t c\u1ea3 c\u00e1c qu\u1ed1c gia \u0111\u1ee7 \u0111i\u1ec1u ki\u1ec7n, bao g\u1ed3m c\u00e1c n\u01b0\u1edbc thu\u1ed9c Li\u00ean minh Ch\u00e2u \u00c2u (EU), Hoa K\u1ef3, Canada, \u00dac v\u00e0 c\u00e1c n\u01b0\u1edbc B\u1eafc \u00c2u<\/li>\n<li><strong>H\u01b0\u1edbng d\u1eabn d\u00e0nh ri\u00eang cho t\u1eebng qu\u1ed1c gia<\/strong> \u2014 Th\u00f4ng tin \u0111\u01b0\u1ee3c thi\u1ebft k\u1ebf ri\u00eang cho du kh\u00e1ch \u0111\u1ebfn t\u1eeb t\u1eebng qu\u1ed1c gia, nh\u1eb1m gi\u1ea3i quy\u1ebft c\u00e1c m\u1ed1i quan t\u00e2m v\u00e0 th\u00f3i quen du l\u1ecbch t\u1ea1i \u0111\u1ecba ph\u01b0\u01a1ng<\/li>\n<li><strong>C\u00e1c t\u00ecnh hu\u1ed1ng du l\u1ecbch<\/strong> \u2014 H\u01b0\u1edbng d\u1eabn d\u00e0nh cho h\u00e0nh kh\u00e1ch qu\u00e1 c\u1ea3nh, du kh\u00e1ch \u0111i t\u00e0u du l\u1ecbch, kh\u00e1ch c\u00f4ng t\u00e1c, gia \u0111\u00ecnh c\u00f3 tr\u1ebb em v\u00e0 nh\u1eefng ng\u01b0\u1eddi c\u00f3 hai qu\u1ed1c t\u1ecbch<\/li>\n<li><strong>M\u1eb9o du l\u1ecbch h\u1eefu \u00edch<\/strong> \u2014 Th\u00f4ng tin v\u1ec1 giao th\u00f4ng, ch\u1ed7 \u1edf, l\u1eadp k\u1ebf ho\u1ea1ch t\u00e0i ch\u00ednh, th\u1ee7 t\u1ee5c h\u1ea3i quan, ch\u0103m s\u00f3c s\u1ee9c kh\u1ecfe v\u00e0 c\u00e1c v\u1ea5n \u0111\u1ec1 v\u0103n h\u00f3a d\u00e0nh cho du kh\u00e1ch \u0111\u1ebfn V\u01b0\u01a1ng qu\u1ed1c Anh<\/li>\n<li><strong>Kh\u1eafc ph\u1ee5c s\u1ef1 c\u1ed1<\/strong> \u2014 H\u1ed7 tr\u1ee3 gi\u1ea3i quy\u1ebft c\u00e1c tr\u01b0\u1eddng h\u1ee3p \u0111\u01a1n b\u1ecb t\u1eeb ch\u1ed1i, v\u1ea5n \u0111\u1ec1 v\u1ec1 \u1ea3nh, ki\u1ec3m tra t\u00ecnh tr\u1ea1ng h\u1ed3 s\u01a1 v\u00e0 c\u00e1c l\u1ed7i th\u01b0\u1eddng g\u1eb7p<\/li>\n<\/ul>\n<h2>Ban Bi\u00ean t\u1eadp c\u1ee7a ch\u00fang t\u00f4i<\/h2>\n<p>N\u1ed9i dung c\u1ee7a ch\u00fang t\u00f4i \u0111\u01b0\u1ee3c so\u1ea1n th\u1ea3o v\u00e0 ki\u1ec3m duy\u1ec7t b\u1edfi <strong>James Crawford<\/strong>, bi\u00ean t\u1eadp vi\u00ean n\u1ed9i dung ch\u00ednh t\u1ea1i ETA UK. James chuy\u00ean v\u1ec1 ch\u00ednh s\u00e1ch nh\u1eadp c\u01b0 c\u1ee7a V\u01b0\u01a1ng qu\u1ed1c Anh, c\u00e1c lo\u1ea1i gi\u1ea5y t\u1edd du l\u1ecbch v\u00e0 th\u00f4ng tin d\u00e0nh cho du kh\u00e1ch. T\u1ea5t c\u1ea3 c\u00e1c b\u00e0i vi\u1ebft \u0111\u1ec1u tr\u1ea3i qua quy tr\u00ecnh ki\u1ec3m ch\u1ee9ng th\u00f4ng tin nghi\u00eam ng\u1eb7t d\u1ef1a tr\u00ean c\u00e1c ngu\u1ed3n ch\u00ednh th\u1ee9c c\u1ee7a ch\u00ednh ph\u1ee7 V\u01b0\u01a1ng qu\u1ed1c Anh tr\u01b0\u1edbc khi \u0111\u01b0\u1ee3c \u0111\u0103ng t\u1ea3i.<\/p>\n<h2>Ti\u00eau chu\u1ea9n c\u1ee7a ch\u00fang t\u00f4i<\/h2>\n<p>Ch\u00fang t\u00f4i cam k\u1ebft <strong>t\u00ednh ch\u00ednh x\u00e1c, t\u00ednh minh b\u1ea1ch v\u00e0 t\u00ednh \u0111\u1ed9c l\u1eadp<\/strong>:<\/p>\n<ul>\n<li><strong>Ngu\u1ed3n tin ch\u00ednh th\u1ee9c<\/strong> \u2014 T\u1ea5t c\u1ea3 th\u00f4ng tin \u0111\u1ec1u \u0111\u01b0\u1ee3c tr\u00edch d\u1eabn t\u1eeb v\u00e0 \u0111\u1ed1i chi\u1ebfu v\u1edbi <a href=\"https:\/\/www.gov.uk\/eta\" target=\"_blank\" rel=\"noopener\">GOV.UK<\/a>, c\u00e1i <a href=\"https:\/\/homeofficemedia.blog.gov.uk\/\" target=\"_blank\" rel=\"noopener\">B\u1ed9 N\u1ed9i v\u1ee5 V\u01b0\u01a1ng qu\u1ed1c Anh<\/a>, v\u00e0 <a href=\"https:\/\/www.visitbritain.com\" target=\"_blank\" rel=\"noopener\">Trang web VisitBritain<\/a><\/li>\n<li><strong>C\u1eadp nh\u1eadt th\u01b0\u1eddng xuy\u00ean<\/strong> \u2014 N\u1ed9i dung \u0111\u01b0\u1ee3c r\u00e0 so\u00e1t v\u00e0 c\u1eadp nh\u1eadt m\u1ed7i khi ch\u00ednh s\u00e1ch c\u1ee7a Ch\u00ednh ph\u1ee7 Anh c\u00f3 thay \u0111\u1ed5i, v\u1edbi ng\u00e0y th\u00e1ng \u0111\u01b0\u1ee3c ghi r\u00f5 tr\u00ean t\u1ea5t c\u1ea3 c\u00e1c b\u00e0i vi\u1ebft<\/li>\n<li><strong>Kh\u00f4ng li\u00ean k\u1ebft v\u1edbi ch\u00ednh ph\u1ee7<\/strong> \u2014 ETA UK l\u00e0 m\u1ed9t trang web th\u00f4ng tin \u0111\u1ed9c l\u1eadp. Ch\u00fang t\u00f4i l\u00e0 <strong>kh\u00f4ng li\u00ean k\u1ebft v\u1edbi Ch\u00ednh ph\u1ee7 Anh<\/strong> v\u00e0 kh\u00f4ng x\u1eed l\u00fd c\u00e1c \u0111\u01a1n xin ETA. \u0110\u1ed1i v\u1edbi c\u00e1c \u0111\u01a1n xin ch\u00ednh th\u1ee9c, h\u00e3y lu\u00f4n s\u1eed d\u1ee5ng <a href=\"https:\/\/www.gov.uk\/eta\/apply\" target=\"_blank\" rel=\"noopener\">GOV.UK<\/a><\/li>\n<li><strong>\u0110a ng\u00f4n ng\u1eef<\/strong> \u2014 N\u1ed9i dung c\u1ee7a ch\u00fang t\u00f4i \u0111\u01b0\u1ee3c cung c\u1ea5p b\u1eb1ng h\u01a1n 40 ng\u00f4n ng\u1eef \u0111\u1ec3 ph\u1ee5c v\u1ee5 du kh\u00e1ch tr\u00ean to\u00e0n th\u1ebf gi\u1edbi<\/li>\n<\/ul>\n<h2>Li\u00ean h\u1ec7 v\u1edbi ch\u00fang t\u00f4i<\/h2>\n<p>B\u1ea1n c\u00f3 th\u1eafc m\u1eafc hay \u0111\u1ec1 xu\u1ea5t g\u00ec kh\u00f4ng? Ch\u00fang t\u00f4i r\u1ea5t mong nh\u1eadn \u0111\u01b0\u1ee3c ph\u1ea3n h\u1ed3i t\u1eeb b\u1ea1n. H\u00e3y truy c\u1eadp trang web c\u1ee7a ch\u00fang t\u00f4i <a href=\"\/vi\/contact\/\">Trang li\u00ean h\u1ec7<\/a> ho\u1eb7c g\u1eedi email cho ch\u00fang t\u00f4i theo \u0111\u1ecba ch\u1ec9 <a href=\"mailto:info@etavisauk.org\">info@etavisauk.org<\/a>.<\/p>\n<p><em>ETA UK \u2014 Ng\u01b0\u1eddi b\u1ea1n \u0111\u1ed3ng h\u00e0nh \u0111\u00e1ng tin c\u1eady c\u1ee7a b\u1ea1n trong vi\u1ec7c xin gi\u1ea5y ph\u00e9p du l\u1ecbch \u0111\u1ebfn V\u01b0\u01a1ng qu\u1ed1c Anh t\u1eeb n\u0103m 2025.<\/em><\/p>","protected":false},"excerpt":{"rendered":"<p>About ETA UK Welcome to ETA UK (etavisauk.org), the leading independent information resource for the UK Electronic Travel Authorisation system. Since 2025, we have been helping travellers from over 85 countries understand and navigate the UK ETA requirements with clear, accurate, and up-to-date guidance. Our Mission Our mission is to make UK travel accessible by [&hellip;]<\/p>\n","protected":false},"author":1,"featured_media":0,"parent":0,"menu_order":0,"comment_status":"closed","ping_status":"closed","template":"","meta":{"_yoast_wpseo_focuskw":"","_yoast_wpseo_title":"","_yoast_wpseo_metadesc":"Learn about ETA UK, your trusted guide to the UK Electronic Travel Authorisation system. Independent resource with accurate, government-sourced information.","footnotes":""},"class_list":["post-881","page","type-page","status-publish","hentry"],"yoast_head":"<!-- This site is optimized with the Yoast SEO plugin v27.4 - https:\/\/yoast.com\/product\/yoast-seo-wordpress\/ -->\n<title>About Us - ETA UK<\/title>\n<meta name=\"description\" content=\"Learn about ETA UK, your trusted guide to the UK Electronic Travel Authorisation system. Independent resource with accurate, government-sourced information.\" \/>\n<meta name=\"robots\" content=\"index, follow, max-snippet:-1, max-image-preview:large, max-video-preview:-1\" \/>\n<link rel=\"canonical\" href=\"https:\/\/etavisauk.org\/vi\/about-us\/\" \/>\n<meta property=\"og:locale\" content=\"vi_VN\" \/>\n<meta property=\"og:type\" content=\"article\" \/>\n<meta property=\"og:title\" content=\"About Us - ETA UK\" \/>\n<meta property=\"og:description\" content=\"Learn about ETA UK, your trusted guide to the UK Electronic Travel Authorisation system. Independent resource with accurate, government-sourced information.\" \/>\n<meta property=\"og:url\" content=\"https:\/\/etavisauk.org\/vi\/about-us\/\" \/>\n<meta property=\"og:site_name\" content=\"ETA UK\" \/>\n<meta property=\"article:modified_time\" content=\"2026-03-19T14:59:20+00:00\" \/>\n<meta property=\"og:image\" content=\"https:\/\/etavisauk.org\/wp-content\/uploads\/2026\/03\/eta-uk-og-image.png\" \/>\n\t<meta property=\"og:image:width\" content=\"1200\" \/>\n\t<meta property=\"og:image:height\" content=\"630\" \/>\n\t<meta property=\"og:image:type\" content=\"image\/png\" \/>\n<meta name=\"twitter:card\" content=\"summary_large_image\" \/>\n<meta name=\"twitter:label1\" content=\"\u01af\u1edbc t\u00ednh th\u1eddi gian \u0111\u1ecdc\" \/>\n\t<meta name=\"twitter:data1\" content=\"2 ph\u00fat\" \/>\n<script type=\"application\/ld+json\" class=\"yoast-schema-graph\">{\"@context\":\"https:\\\/\\\/schema.org\",\"@graph\":[{\"@type\":\"WebPage\",\"@id\":\"https:\\\/\\\/etavisauk.org\\\/en\\\/about-us\\\/\",\"url\":\"https:\\\/\\\/etavisauk.org\\\/en\\\/about-us\\\/\",\"name\":\"About Us - ETA UK\",\"isPartOf\":{\"@id\":\"https:\\\/\\\/etavisauk.org\\\/#website\"},\"datePublished\":\"2026-03-12T23:16:05+00:00\",\"dateModified\":\"2026-03-19T14:59:20+00:00\",\"description\":\"Learn about ETA UK, your trusted guide to the UK Electronic Travel Authorisation system. Independent resource with accurate, government-sourced information.\",\"breadcrumb\":{\"@id\":\"https:\\\/\\\/etavisauk.org\\\/en\\\/about-us\\\/#breadcrumb\"},\"inLanguage\":\"vi\",\"potentialAction\":[{\"@type\":\"ReadAction\",\"target\":[\"https:\\\/\\\/etavisauk.org\\\/en\\\/about-us\\\/\"]}]},{\"@type\":\"BreadcrumbList\",\"@id\":\"https:\\\/\\\/etavisauk.org\\\/en\\\/about-us\\\/#breadcrumb\",\"itemListElement\":[{\"@type\":\"ListItem\",\"position\":1,\"name\":\"Home\",\"item\":\"https:\\\/\\\/etavisauk.org\\\/en\\\/\"},{\"@type\":\"ListItem\",\"position\":2,\"name\":\"About Us\"}]},{\"@type\":\"WebSite\",\"@id\":\"https:\\\/\\\/etavisauk.org\\\/#website\",\"url\":\"https:\\\/\\\/etavisauk.org\\\/\",\"name\":\"ETA UK\",\"description\":\"\",\"publisher\":{\"@id\":\"https:\\\/\\\/etavisauk.org\\\/#organization\"},\"potentialAction\":[{\"@type\":\"SearchAction\",\"target\":{\"@type\":\"EntryPoint\",\"urlTemplate\":\"https:\\\/\\\/etavisauk.org\\\/?s={search_term_string}\"},\"query-input\":{\"@type\":\"PropertyValueSpecification\",\"valueRequired\":true,\"valueName\":\"search_term_string\"}}],\"inLanguage\":\"vi\"},{\"@type\":\"Organization\",\"@id\":\"https:\\\/\\\/etavisauk.org\\\/#organization\",\"name\":\"ETA UK\",\"alternateName\":\"ETA Visa UK\",\"url\":\"https:\\\/\\\/etavisauk.org\\\/\",\"logo\":{\"@type\":\"ImageObject\",\"inLanguage\":\"vi\",\"@id\":\"https:\\\/\\\/etavisauk.org\\\/#\\\/schema\\\/logo\\\/image\\\/\",\"url\":\"https:\\\/\\\/etavisauk.org\\\/wp-content\\\/uploads\\\/2026\\\/03\\\/eta-uk-logo-696.png\",\"contentUrl\":\"https:\\\/\\\/etavisauk.org\\\/wp-content\\\/uploads\\\/2026\\\/03\\\/eta-uk-logo-696.png\",\"width\":696,\"height\":696,\"caption\":\"ETA UK\"},\"image\":{\"@id\":\"https:\\\/\\\/etavisauk.org\\\/#\\\/schema\\\/logo\\\/image\\\/\"}}]}<\/script>\n<!-- \/ Yoast SEO plugin. -->","yoast_head_json":{"title":"Gi\u1edbi thi\u1ec7u v\u1ec1 ch\u00fang t\u00f4i - ETA UK","description":"T\u00ecm hi\u1ec3u v\u1ec1 ETA UK, ngu\u1ed3n th\u00f4ng tin \u0111\u00e1ng tin c\u1eady v\u1ec1 h\u1ec7 th\u1ed1ng Gi\u1ea5y ph\u00e9p Du l\u1ecbch \u0110i\u1ec7n t\u1eed c\u1ee7a V\u01b0\u01a1ng qu\u1ed1c Anh. Ngu\u1ed3n th\u00f4ng tin \u0111\u1ed9c l\u1eadp v\u1edbi d\u1eef li\u1ec7u ch\u00ednh x\u00e1c, \u0111\u01b0\u1ee3c l\u1ea5y t\u1eeb ch\u00ednh ph\u1ee7.","robots":{"index":"index","follow":"follow","max-snippet":"max-snippet:-1","max-image-preview":"max-image-preview:large","max-video-preview":"max-video-preview:-1"},"canonical":"https:\/\/etavisauk.org\/vi\/about-us\/","og_locale":"vi_VN","og_type":"article","og_title":"About Us - ETA UK","og_description":"Learn about ETA UK, your trusted guide to the UK Electronic Travel Authorisation system. Independent resource with accurate, government-sourced information.","og_url":"https:\/\/etavisauk.org\/vi\/about-us\/","og_site_name":"ETA UK","article_modified_time":"2026-03-19T14:59:20+00:00","og_image":[{"width":1200,"height":630,"url":"https:\/\/etavisauk.org\/wp-content\/uploads\/2026\/03\/eta-uk-og-image.png","type":"image\/png"}],"twitter_card":"summary_large_image","twitter_misc":{"\u01af\u1edbc t\u00ednh th\u1eddi gian \u0111\u1ecdc":"2 ph\u00fat"},"schema":{"@context":"https:\/\/schema.org","@graph":[{"@type":"WebPage","@id":"https:\/\/etavisauk.org\/en\/about-us\/","url":"https:\/\/etavisauk.org\/en\/about-us\/","name":"Gi\u1edbi thi\u1ec7u v\u1ec1 ch\u00fang t\u00f4i - ETA UK","isPartOf":{"@id":"https:\/\/etavisauk.org\/#website"},"datePublished":"2026-03-12T23:16:05+00:00","dateModified":"2026-03-19T14:59:20+00:00","description":"T\u00ecm hi\u1ec3u v\u1ec1 ETA UK, ngu\u1ed3n th\u00f4ng tin \u0111\u00e1ng tin c\u1eady v\u1ec1 h\u1ec7 th\u1ed1ng Gi\u1ea5y ph\u00e9p Du l\u1ecbch \u0110i\u1ec7n t\u1eed c\u1ee7a V\u01b0\u01a1ng qu\u1ed1c Anh. Ngu\u1ed3n th\u00f4ng tin \u0111\u1ed9c l\u1eadp v\u1edbi d\u1eef li\u1ec7u ch\u00ednh x\u00e1c, \u0111\u01b0\u1ee3c l\u1ea5y t\u1eeb ch\u00ednh ph\u1ee7.","breadcrumb":{"@id":"https:\/\/etavisauk.org\/en\/about-us\/#breadcrumb"},"inLanguage":"vi","potentialAction":[{"@type":"ReadAction","target":["https:\/\/etavisauk.org\/en\/about-us\/"]}]},{"@type":"BreadcrumbList","@id":"https:\/\/etavisauk.org\/en\/about-us\/#breadcrumb","itemListElement":[{"@type":"ListItem","position":1,"name":"Home","item":"https:\/\/etavisauk.org\/en\/"},{"@type":"ListItem","position":2,"name":"About Us"}]},{"@type":"WebSite","@id":"https:\/\/etavisauk.org\/#website","url":"https:\/\/etavisauk.org\/","name":"ETA UK","description":"","publisher":{"@id":"https:\/\/etavisauk.org\/#organization"},"potentialAction":[{"@type":"SearchAction","target":{"@type":"EntryPoint","urlTemplate":"https:\/\/etavisauk.org\/?s={search_term_string}"},"query-input":{"@type":"PropertyValueSpecification","valueRequired":true,"valueName":"search_term_string"}}],"inLanguage":"vi"},{"@type":"Organization","@id":"https:\/\/etavisauk.org\/#organization","name":"ETA UK","alternateName":"ETA Visa UK","url":"https:\/\/etavisauk.org\/","logo":{"@type":"ImageObject","inLanguage":"vi","@id":"https:\/\/etavisauk.org\/#\/schema\/logo\/image\/","url":"https:\/\/etavisauk.org\/wp-content\/uploads\/2026\/03\/eta-uk-logo-696.png","contentUrl":"https:\/\/etavisauk.org\/wp-content\/uploads\/2026\/03\/eta-uk-logo-696.png","width":696,"height":696,"caption":"ETA UK"},"image":{"@id":"https:\/\/etavisauk.org\/#\/schema\/logo\/image\/"}}]}},"_links":{"self":[{"href":"https:\/\/etavisauk.org\/vi\/wp-json\/wp\/v2\/pages\/881","targetHints":{"allow":["GET"]}}],"collection":[{"href":"https:\/\/etavisauk.org\/vi\/wp-json\/wp\/v2\/pages"}],"about":[{"href":"https:\/\/etavisauk.org\/vi\/wp-json\/wp\/v2\/types\/page"}],"author":[{"embeddable":true,"href":"https:\/\/etavisauk.org\/vi\/wp-json\/wp\/v2\/users\/1"}],"replies":[{"embeddable":true,"href":"https:\/\/etavisauk.org\/vi\/wp-json\/wp\/v2\/comments?post=881"}],"version-history":[{"count":2,"href":"https:\/\/etavisauk.org\/vi\/wp-json\/wp\/v2\/pages\/881\/revisions"}],"predecessor-version":[{"id":966,"href":"https:\/\/etavisauk.org\/vi\/wp-json\/wp\/v2\/pages\/881\/revisions\/966"}],"wp:attachment":[{"href":"https:\/\/etavisauk.org\/vi\/wp-json\/wp\/v2\/media?parent=881"}],"curies":[{"name":"wp","href":"https:\/\/api.w.org\/{rel}","templated":true}]}}