{"id":881,"date":"2026-03-12T23:16:05","date_gmt":"2026-03-12T23:16:05","guid":{"rendered":"https:\/\/etavisauk.org\/about-us\/"},"modified":"2026-03-19T14:59:20","modified_gmt":"2026-03-19T14:59:20","slug":"about-us","status":"publish","type":"page","link":"https:\/\/etavisauk.org\/tr\/about-us\/","title":{"rendered":"Hakk\u0131m\u0131zda"},"content":{"rendered":"<h2>ETA UK Hakk\u0131nda<\/h2>\n<p>Ho\u015f geldiniz <strong>ETA UK<\/strong> (etavisauk.org), Birle\u015fik Krall\u0131k Elektronik Seyahat \u0130zni sistemi i\u00e7in \u00f6nde gelen ba\u011f\u0131ms\u0131z bilgi kayna\u011f\u0131d\u0131r. 2025 y\u0131l\u0131ndan bu yana, 85'ten fazla \u00fclkeden gelen gezginlerin Birle\u015fik Krall\u0131k ETA gerekliliklerini anlamalar\u0131na ve bu gereklilikleri yerine getirmelerine a\u00e7\u0131k, do\u011fru ve g\u00fcncel rehberlikle yard\u0131mc\u0131 oluyoruz.<\/p>\n<h2>Misyonumuz<\/h2>\n<p>Misyonumuz, ETA sistemi hakk\u0131nda kapsaml\u0131, \u00e7ok dilli bilgi sa\u011flayarak Birle\u015fik Krall\u0131k seyahatini eri\u015filebilir k\u0131lmakt\u0131r. \u0130ster Londra'y\u0131 ilk kez ziyaret ediyor olun, ister Birle\u015fik Krall\u0131k'taki bir havaliman\u0131ndan transit ge\u00e7i\u015f yap\u0131yor olun, ister \u0130ngiltere, \u0130sko\u00e7ya, Galler ve Kuzey \u0130rlanda'da bir aile tatili planl\u0131yor olun, her yolcunun sorular\u0131na net yan\u0131tlar almay\u0131 hak etti\u011fine inan\u0131yoruz.<\/p>\n<h2>Neleri Kaps\u0131yoruz<\/h2>\n<ul>\n<li><strong>ETA Gereklilikleri ve Ba\u015fvuru K\u0131lavuzlar\u0131<\/strong> - AB, ABD, Kanada, Avustralya ve \u0130skandinav \u00fclkeleri de dahil olmak \u00fczere t\u00fcm uygun \u00fclkelerin vatanda\u015flar\u0131 i\u00e7in ad\u0131m ad\u0131m talimatlar<\/li>\n<li><strong>\u00dclkelere \u00d6zel K\u0131lavuzlar<\/strong> - Her bir \u00fclkeden gelen yolcular i\u00e7in yerel endi\u015feleri ve seyahat modellerini ele alan \u00f6zel bilgiler<\/li>\n<li><strong>Seyahat Senaryolar\u0131<\/strong> - Transit yolcular, kruvaziyer yolcular\u0131, i\u015f ama\u00e7l\u0131 ziyaret\u00e7iler, \u00e7ocuklu aileler ve \u00e7ifte vatanda\u015fl\u0131\u011fa sahip olanlar i\u00e7in rehberlik<\/li>\n<li><strong>Pratik Seyahat \u0130pu\u00e7lar\u0131<\/strong> - Birle\u015fik Krall\u0131k'a gelen ziyaret\u00e7iler i\u00e7in ula\u015f\u0131m, konaklama, b\u00fct\u00e7e, g\u00fcmr\u00fck, sa\u011fl\u0131k ve k\u00fclt\u00fcrel tavsiyeler<\/li>\n<li><strong>Sorun Giderme<\/strong> - Reddedilen ba\u015fvurular, foto\u011fraf sorunlar\u0131, durum kontrolleri ve yayg\u0131n hatalar konusunda yard\u0131m<\/li>\n<\/ul>\n<h2>Edit\u00f6r Ekibimiz<\/h2>\n<p>\u0130\u00e7eri\u011fimiz a\u015fa\u011f\u0131dakiler taraf\u0131ndan yaz\u0131l\u0131r ve incelenir <strong>James Crawford<\/strong>, ETA UK'de ba\u015f i\u00e7erik edit\u00f6r\u00fcd\u00fcr. James, Birle\u015fik Krall\u0131k g\u00f6\u00e7menlik politikas\u0131, seyahat belgeleri ve ziyaret\u00e7i bilgileri konular\u0131nda uzmanla\u015fm\u0131\u015ft\u0131r. T\u00fcm makaleler yay\u0131nlanmadan \u00f6nce Birle\u015fik Krall\u0131k h\u00fck\u00fcmetinin resmi kaynaklar\u0131na kar\u015f\u0131 titiz bir do\u011fruluk kontrol s\u00fcrecinden ge\u00e7mektedir.<\/p>\n<h2>Standartlar\u0131m\u0131z<\/h2>\n<p>\u015eunlar\u0131 taahh\u00fct ediyoruz <strong>do\u011fruluk, \u015feffafl\u0131k ve ba\u011f\u0131ms\u0131zl\u0131k<\/strong>:<\/p>\n<ul>\n<li><strong>Resmi Kaynaklar<\/strong> - T\u00fcm bilgiler \u015funlardan al\u0131nm\u0131\u015f ve bunlarla \u00e7apraz referansland\u0131r\u0131lm\u0131\u015ft\u0131r <a href=\"https:\/\/www.gov.uk\/eta\" target=\"_blank\" rel=\"noopener\">GOV.UK<\/a>, the <a href=\"https:\/\/homeofficemedia.blog.gov.uk\/\" target=\"_blank\" rel=\"noopener\">Birle\u015fik Krall\u0131k \u0130\u00e7i\u015fleri Bakanl\u0131\u011f\u0131<\/a>, ve <a href=\"https:\/\/www.visitbritain.com\" target=\"_blank\" rel=\"noopener\">VisitBritain<\/a><\/li>\n<li><strong>D\u00fczenli G\u00fcncellemeler<\/strong> - \u0130\u00e7erik, Birle\u015fik Krall\u0131k h\u00fck\u00fcmet politikas\u0131 her de\u011fi\u015fti\u011finde g\u00f6zden ge\u00e7irilir ve g\u00fcncellenir, t\u00fcm makalelerde tarih damgalar\u0131 bulunur<\/li>\n<li><strong>H\u00fck\u00fcmete Ba\u011fl\u0131 De\u011fil<\/strong> - ETA UK ba\u011f\u0131ms\u0131z bir bilgilendirme sitesidir. Biz <strong>Birle\u015fik Krall\u0131k H\u00fck\u00fcmeti ile ba\u011flant\u0131l\u0131 de\u011fildir<\/strong> ve ETA ba\u015fvurular\u0131n\u0131 i\u015fleme koymamaktad\u0131r. Resmi ba\u015fvurular i\u00e7in her zaman <a href=\"https:\/\/www.gov.uk\/eta\/apply\" target=\"_blank\" rel=\"noopener\">GOV.UK<\/a><\/li>\n<li><strong>\u00c7ok dilli<\/strong> - \u0130\u00e7eri\u011fimiz d\u00fcnya \u00e7ap\u0131ndaki gezginlere hizmet vermek i\u00e7in 40'tan fazla dilde mevcuttur<\/li>\n<\/ul>\n<h2>Bize Ula\u015f\u0131n<\/h2>\n<p>Bir sorunuz veya \u00f6neriniz mi var? G\u00f6r\u00fc\u015flerinizi bekliyoruz. Bizi ziyaret edin <a href=\"\/tr\/contact\/\">\u0130leti\u015fim sayfas\u0131<\/a> veya bize e-posta g\u00f6nderin <a href=\"mailto:info@etavisauk.org\">info@etavisauk.org<\/a>.<\/p>\n<p><em>ETA UK - 2025'ten beri Birle\u015fik Krall\u0131k seyahat izni i\u00e7in g\u00fcvenilir rehberiniz.<\/em><\/p>","protected":false},"excerpt":{"rendered":"<p>About ETA UK Welcome to ETA UK (etavisauk.org), the leading independent information resource for the UK Electronic Travel Authorisation system. Since 2025, we have been helping travellers from over 85 countries understand and navigate the UK ETA requirements with clear, accurate, and up-to-date guidance. Our Mission Our mission is to make UK travel accessible by [&hellip;]<\/p>\n","protected":false},"author":1,"featured_media":0,"parent":0,"menu_order":0,"comment_status":"closed","ping_status":"closed","template":"","meta":{"_yoast_wpseo_focuskw":"","_yoast_wpseo_title":"","_yoast_wpseo_metadesc":"Learn about ETA UK, your trusted guide to the UK Electronic Travel Authorisation system. Independent resource with accurate, government-sourced information.","footnotes":""},"class_list":["post-881","page","type-page","status-publish","hentry"],"yoast_head":"<!-- This site is optimized with the Yoast SEO plugin v27.4 - https:\/\/yoast.com\/product\/yoast-seo-wordpress\/ -->\n<title>About Us - ETA UK<\/title>\n<meta name=\"description\" content=\"Learn about ETA UK, your trusted guide to the UK Electronic Travel Authorisation system. Independent resource with accurate, government-sourced information.\" \/>\n<meta name=\"robots\" content=\"index, follow, max-snippet:-1, max-image-preview:large, max-video-preview:-1\" \/>\n<link rel=\"canonical\" href=\"https:\/\/etavisauk.org\/tr\/about-us\/\" \/>\n<meta property=\"og:locale\" content=\"tr_TR\" \/>\n<meta property=\"og:type\" content=\"article\" \/>\n<meta property=\"og:title\" content=\"About Us - ETA UK\" \/>\n<meta property=\"og:description\" content=\"Learn about ETA UK, your trusted guide to the UK Electronic Travel Authorisation system. Independent resource with accurate, government-sourced information.\" \/>\n<meta property=\"og:url\" content=\"https:\/\/etavisauk.org\/tr\/about-us\/\" \/>\n<meta property=\"og:site_name\" content=\"ETA UK\" \/>\n<meta property=\"article:modified_time\" content=\"2026-03-19T14:59:20+00:00\" \/>\n<meta property=\"og:image\" content=\"https:\/\/etavisauk.org\/wp-content\/uploads\/2026\/03\/eta-uk-og-image.png\" \/>\n\t<meta property=\"og:image:width\" content=\"1200\" \/>\n\t<meta property=\"og:image:height\" content=\"630\" \/>\n\t<meta property=\"og:image:type\" content=\"image\/png\" \/>\n<meta name=\"twitter:card\" content=\"summary_large_image\" \/>\n<meta name=\"twitter:label1\" content=\"Tahmini okuma s\u00fcresi\" \/>\n\t<meta name=\"twitter:data1\" content=\"2 dakika\" \/>\n<script type=\"application\/ld+json\" class=\"yoast-schema-graph\">{\"@context\":\"https:\\\/\\\/schema.org\",\"@graph\":[{\"@type\":\"WebPage\",\"@id\":\"https:\\\/\\\/etavisauk.org\\\/en\\\/about-us\\\/\",\"url\":\"https:\\\/\\\/etavisauk.org\\\/en\\\/about-us\\\/\",\"name\":\"About Us - ETA UK\",\"isPartOf\":{\"@id\":\"https:\\\/\\\/etavisauk.org\\\/#website\"},\"datePublished\":\"2026-03-12T23:16:05+00:00\",\"dateModified\":\"2026-03-19T14:59:20+00:00\",\"description\":\"Learn about ETA UK, your trusted guide to the UK Electronic Travel Authorisation system. Independent resource with accurate, government-sourced information.\",\"breadcrumb\":{\"@id\":\"https:\\\/\\\/etavisauk.org\\\/en\\\/about-us\\\/#breadcrumb\"},\"inLanguage\":\"tr\",\"potentialAction\":[{\"@type\":\"ReadAction\",\"target\":[\"https:\\\/\\\/etavisauk.org\\\/en\\\/about-us\\\/\"]}]},{\"@type\":\"BreadcrumbList\",\"@id\":\"https:\\\/\\\/etavisauk.org\\\/en\\\/about-us\\\/#breadcrumb\",\"itemListElement\":[{\"@type\":\"ListItem\",\"position\":1,\"name\":\"Home\",\"item\":\"https:\\\/\\\/etavisauk.org\\\/en\\\/\"},{\"@type\":\"ListItem\",\"position\":2,\"name\":\"About Us\"}]},{\"@type\":\"WebSite\",\"@id\":\"https:\\\/\\\/etavisauk.org\\\/#website\",\"url\":\"https:\\\/\\\/etavisauk.org\\\/\",\"name\":\"ETA UK\",\"description\":\"\",\"publisher\":{\"@id\":\"https:\\\/\\\/etavisauk.org\\\/#organization\"},\"potentialAction\":[{\"@type\":\"SearchAction\",\"target\":{\"@type\":\"EntryPoint\",\"urlTemplate\":\"https:\\\/\\\/etavisauk.org\\\/?s={search_term_string}\"},\"query-input\":{\"@type\":\"PropertyValueSpecification\",\"valueRequired\":true,\"valueName\":\"search_term_string\"}}],\"inLanguage\":\"tr\"},{\"@type\":\"Organization\",\"@id\":\"https:\\\/\\\/etavisauk.org\\\/#organization\",\"name\":\"ETA UK\",\"alternateName\":\"ETA Visa UK\",\"url\":\"https:\\\/\\\/etavisauk.org\\\/\",\"logo\":{\"@type\":\"ImageObject\",\"inLanguage\":\"tr\",\"@id\":\"https:\\\/\\\/etavisauk.org\\\/#\\\/schema\\\/logo\\\/image\\\/\",\"url\":\"https:\\\/\\\/etavisauk.org\\\/wp-content\\\/uploads\\\/2026\\\/03\\\/eta-uk-logo-696.png\",\"contentUrl\":\"https:\\\/\\\/etavisauk.org\\\/wp-content\\\/uploads\\\/2026\\\/03\\\/eta-uk-logo-696.png\",\"width\":696,\"height\":696,\"caption\":\"ETA UK\"},\"image\":{\"@id\":\"https:\\\/\\\/etavisauk.org\\\/#\\\/schema\\\/logo\\\/image\\\/\"}}]}<\/script>\n<!-- \/ Yoast SEO plugin. -->","yoast_head_json":{"title":"Hakk\u0131m\u0131zda - ETA UK","description":"Birle\u015fik Krall\u0131k Elektronik Seyahat \u0130zni sistemine ili\u015fkin g\u00fcvenilir rehberiniz ETA UK hakk\u0131nda bilgi edinin. Do\u011fru, devlet kaynakl\u0131 bilgiler i\u00e7eren ba\u011f\u0131ms\u0131z kaynak.","robots":{"index":"index","follow":"follow","max-snippet":"max-snippet:-1","max-image-preview":"max-image-preview:large","max-video-preview":"max-video-preview:-1"},"canonical":"https:\/\/etavisauk.org\/tr\/about-us\/","og_locale":"tr_TR","og_type":"article","og_title":"About Us - ETA UK","og_description":"Learn about ETA UK, your trusted guide to the UK Electronic Travel Authorisation system. Independent resource with accurate, government-sourced information.","og_url":"https:\/\/etavisauk.org\/tr\/about-us\/","og_site_name":"ETA UK","article_modified_time":"2026-03-19T14:59:20+00:00","og_image":[{"width":1200,"height":630,"url":"https:\/\/etavisauk.org\/wp-content\/uploads\/2026\/03\/eta-uk-og-image.png","type":"image\/png"}],"twitter_card":"summary_large_image","twitter_misc":{"Tahmini okuma s\u00fcresi":"2 dakika"},"schema":{"@context":"https:\/\/schema.org","@graph":[{"@type":"WebPage","@id":"https:\/\/etavisauk.org\/en\/about-us\/","url":"https:\/\/etavisauk.org\/en\/about-us\/","name":"Hakk\u0131m\u0131zda - ETA UK","isPartOf":{"@id":"https:\/\/etavisauk.org\/#website"},"datePublished":"2026-03-12T23:16:05+00:00","dateModified":"2026-03-19T14:59:20+00:00","description":"Birle\u015fik Krall\u0131k Elektronik Seyahat \u0130zni sistemine ili\u015fkin g\u00fcvenilir rehberiniz ETA UK hakk\u0131nda bilgi edinin. Do\u011fru, devlet kaynakl\u0131 bilgiler i\u00e7eren ba\u011f\u0131ms\u0131z kaynak.","breadcrumb":{"@id":"https:\/\/etavisauk.org\/en\/about-us\/#breadcrumb"},"inLanguage":"tr","potentialAction":[{"@type":"ReadAction","target":["https:\/\/etavisauk.org\/en\/about-us\/"]}]},{"@type":"BreadcrumbList","@id":"https:\/\/etavisauk.org\/en\/about-us\/#breadcrumb","itemListElement":[{"@type":"ListItem","position":1,"name":"Home","item":"https:\/\/etavisauk.org\/en\/"},{"@type":"ListItem","position":2,"name":"About Us"}]},{"@type":"WebSite","@id":"https:\/\/etavisauk.org\/#website","url":"https:\/\/etavisauk.org\/","name":"ETA UK","description":"","publisher":{"@id":"https:\/\/etavisauk.org\/#organization"},"potentialAction":[{"@type":"SearchAction","target":{"@type":"EntryPoint","urlTemplate":"https:\/\/etavisauk.org\/?s={search_term_string}"},"query-input":{"@type":"PropertyValueSpecification","valueRequired":true,"valueName":"search_term_string"}}],"inLanguage":"tr"},{"@type":"Organization","@id":"https:\/\/etavisauk.org\/#organization","name":"ETA UK","alternateName":"ETA Visa UK","url":"https:\/\/etavisauk.org\/","logo":{"@type":"ImageObject","inLanguage":"tr","@id":"https:\/\/etavisauk.org\/#\/schema\/logo\/image\/","url":"https:\/\/etavisauk.org\/wp-content\/uploads\/2026\/03\/eta-uk-logo-696.png","contentUrl":"https:\/\/etavisauk.org\/wp-content\/uploads\/2026\/03\/eta-uk-logo-696.png","width":696,"height":696,"caption":"ETA UK"},"image":{"@id":"https:\/\/etavisauk.org\/#\/schema\/logo\/image\/"}}]}},"_links":{"self":[{"href":"https:\/\/etavisauk.org\/tr\/wp-json\/wp\/v2\/pages\/881","targetHints":{"allow":["GET"]}}],"collection":[{"href":"https:\/\/etavisauk.org\/tr\/wp-json\/wp\/v2\/pages"}],"about":[{"href":"https:\/\/etavisauk.org\/tr\/wp-json\/wp\/v2\/types\/page"}],"author":[{"embeddable":true,"href":"https:\/\/etavisauk.org\/tr\/wp-json\/wp\/v2\/users\/1"}],"replies":[{"embeddable":true,"href":"https:\/\/etavisauk.org\/tr\/wp-json\/wp\/v2\/comments?post=881"}],"version-history":[{"count":2,"href":"https:\/\/etavisauk.org\/tr\/wp-json\/wp\/v2\/pages\/881\/revisions"}],"predecessor-version":[{"id":966,"href":"https:\/\/etavisauk.org\/tr\/wp-json\/wp\/v2\/pages\/881\/revisions\/966"}],"wp:attachment":[{"href":"https:\/\/etavisauk.org\/tr\/wp-json\/wp\/v2\/media?parent=881"}],"curies":[{"name":"wp","href":"https:\/\/api.w.org\/{rel}","templated":true}]}}