{"id":882,"date":"2026-03-12T23:16:06","date_gmt":"2026-03-12T23:16:06","guid":{"rendered":"https:\/\/etavisauk.org\/contact\/"},"modified":"2026-03-19T10:21:03","modified_gmt":"2026-03-19T10:21:03","slug":"contact","status":"publish","type":"page","link":"https:\/\/etavisauk.org\/sl\/contact\/","title":{"rendered":"Pi\u0161ite na"},"content":{"rendered":"<h2>Pi\u0161ite nam<\/h2>\n<p>Veseli bomo va\u0161ih vpra\u0161anj, predlogov in povratnih informacij o postopku ETA v Zdru\u017eenem kraljestvu ali vsebini na\u0161ega spletnega mesta.<\/p>\n<h2>Stopite v stik z nami<\/h2>\n<p>\u010ce imate vpra\u0161anja o postopku prijave ETA v Zdru\u017eenem kraljestvu, potrebujete pojasnila o potovalnih zahtevah ali \u017eelite prijaviti te\u017eavo na na\u0161em spletnem mestu, se obrnite na nas.<\/p>\n<h3>E-po\u0161ta<\/h3>\n<p>Z na\u0161o ekipo se lahko obrnete na: <strong>info@etavisauk.org<\/strong><\/p>\n<h2>Pomembna opomba<\/h2>\n<p>Upo\u0161tevajte, da smo informativno spletno mesto in ne obdelujemo neposredno vlog ETA. Za uradne vloge ETA obi\u0161\u010dite <a href=\"https:\/\/www.gov.uk\/guidance\/apply-for-an-electronic-travel-authorisation-eta\" target=\"_blank\" rel=\"noopener\">Uradna stran vlade Zdru\u017eenega kraljestva ETA<\/a>.<\/p>\n<p>Za nujne poizvedbe v zvezi s potovanji se obrnite na <a href=\"https:\/\/www.gov.uk\/contact-ukvi-inside-outside-uk\" target=\"_blank\" rel=\"noopener\">Vizumi in priseljevanje Zdru\u017eenega kraljestva (UKVI)<\/a> neposredno.<\/p>","protected":false},"excerpt":{"rendered":"<p>Contact Us We welcome your questions, suggestions, and feedback about the UK ETA process or our website content. Get in Touch If you have questions about the UK ETA application process, need clarification about travel requirements, or want to report an issue with our website, please reach out to us. Email You can contact our [&hellip;]<\/p>\n","protected":false},"author":1,"featured_media":0,"parent":0,"menu_order":0,"comment_status":"closed","ping_status":"closed","template":"","meta":{"_yoast_wpseo_focuskw":"","_yoast_wpseo_title":"","_yoast_wpseo_metadesc":"Contact the ETA UK team for questions about UK Electronic Travel Authorisation. Email info@etavisauk.org for guidance on ETA requirements and travel to the UK.","footnotes":""},"class_list":["post-882","page","type-page","status-publish","hentry"],"yoast_head":"<!-- This site is optimized with the Yoast SEO plugin v27.4 - https:\/\/yoast.com\/product\/yoast-seo-wordpress\/ -->\n<title>Contact - ETA UK<\/title>\n<meta name=\"description\" content=\"Contact the ETA UK team for questions about UK Electronic Travel Authorisation. Email info@etavisauk.org for guidance on ETA requirements and travel to the UK.\" \/>\n<meta name=\"robots\" content=\"index, follow, max-snippet:-1, max-image-preview:large, max-video-preview:-1\" \/>\n<link rel=\"canonical\" href=\"https:\/\/etavisauk.org\/sl\/contact\/\" \/>\n<meta property=\"og:locale\" content=\"sl_SI\" \/>\n<meta property=\"og:type\" content=\"article\" \/>\n<meta property=\"og:title\" content=\"Contact - ETA UK\" \/>\n<meta property=\"og:description\" content=\"Contact the ETA UK team for questions about UK Electronic Travel Authorisation. Email info@etavisauk.org for guidance on ETA requirements and travel to the UK.\" \/>\n<meta property=\"og:url\" content=\"https:\/\/etavisauk.org\/sl\/contact\/\" \/>\n<meta property=\"og:site_name\" content=\"ETA UK\" \/>\n<meta property=\"article:modified_time\" content=\"2026-03-19T10:21:03+00:00\" \/>\n<meta property=\"og:image\" content=\"https:\/\/etavisauk.org\/wp-content\/uploads\/2026\/03\/eta-uk-og-image.png\" \/>\n\t<meta property=\"og:image:width\" content=\"1200\" \/>\n\t<meta property=\"og:image:height\" content=\"630\" \/>\n\t<meta property=\"og:image:type\" content=\"image\/png\" \/>\n<meta name=\"twitter:card\" content=\"summary_large_image\" \/>\n<script type=\"application\/ld+json\" class=\"yoast-schema-graph\">{\"@context\":\"https:\\\/\\\/schema.org\",\"@graph\":[{\"@type\":\"WebPage\",\"@id\":\"https:\\\/\\\/etavisauk.org\\\/contact\\\/\",\"url\":\"https:\\\/\\\/etavisauk.org\\\/contact\\\/\",\"name\":\"Contact - ETA UK\",\"isPartOf\":{\"@id\":\"https:\\\/\\\/etavisauk.org\\\/#website\"},\"datePublished\":\"2026-03-12T23:16:06+00:00\",\"dateModified\":\"2026-03-19T10:21:03+00:00\",\"description\":\"Contact the ETA UK team for questions about UK Electronic Travel Authorisation. Email info@etavisauk.org for guidance on ETA requirements and travel to the UK.\",\"breadcrumb\":{\"@id\":\"https:\\\/\\\/etavisauk.org\\\/contact\\\/#breadcrumb\"},\"inLanguage\":\"sl-SI\",\"potentialAction\":[{\"@type\":\"ReadAction\",\"target\":[\"https:\\\/\\\/etavisauk.org\\\/contact\\\/\"]}]},{\"@type\":\"BreadcrumbList\",\"@id\":\"https:\\\/\\\/etavisauk.org\\\/contact\\\/#breadcrumb\",\"itemListElement\":[{\"@type\":\"ListItem\",\"position\":1,\"name\":\"Home\",\"item\":\"https:\\\/\\\/etavisauk.org\\\/en\\\/\"},{\"@type\":\"ListItem\",\"position\":2,\"name\":\"Contact\"}]},{\"@type\":\"WebSite\",\"@id\":\"https:\\\/\\\/etavisauk.org\\\/#website\",\"url\":\"https:\\\/\\\/etavisauk.org\\\/\",\"name\":\"ETA UK\",\"description\":\"\",\"publisher\":{\"@id\":\"https:\\\/\\\/etavisauk.org\\\/#organization\"},\"potentialAction\":[{\"@type\":\"SearchAction\",\"target\":{\"@type\":\"EntryPoint\",\"urlTemplate\":\"https:\\\/\\\/etavisauk.org\\\/?s={search_term_string}\"},\"query-input\":{\"@type\":\"PropertyValueSpecification\",\"valueRequired\":true,\"valueName\":\"search_term_string\"}}],\"inLanguage\":\"sl-SI\"},{\"@type\":\"Organization\",\"@id\":\"https:\\\/\\\/etavisauk.org\\\/#organization\",\"name\":\"ETA UK\",\"alternateName\":\"ETA Visa UK\",\"url\":\"https:\\\/\\\/etavisauk.org\\\/\",\"logo\":{\"@type\":\"ImageObject\",\"inLanguage\":\"sl-SI\",\"@id\":\"https:\\\/\\\/etavisauk.org\\\/#\\\/schema\\\/logo\\\/image\\\/\",\"url\":\"https:\\\/\\\/etavisauk.org\\\/wp-content\\\/uploads\\\/2026\\\/03\\\/eta-uk-logo-696.png\",\"contentUrl\":\"https:\\\/\\\/etavisauk.org\\\/wp-content\\\/uploads\\\/2026\\\/03\\\/eta-uk-logo-696.png\",\"width\":696,\"height\":696,\"caption\":\"ETA UK\"},\"image\":{\"@id\":\"https:\\\/\\\/etavisauk.org\\\/#\\\/schema\\\/logo\\\/image\\\/\"}}]}<\/script>\n<!-- \/ Yoast SEO plugin. -->","yoast_head_json":{"title":"Kontakt - ETA UK","description":"Za vpra\u0161anja o elektronski potovalni odobritvi v Zdru\u017eenem kraljestvu se obrnite na ekipo ETA UK. Za navodila o zahtevah ETA in potovanjih v Zdru\u017eeno kraljestvo pi\u0161ite na info@etavisauk.org.","robots":{"index":"index","follow":"follow","max-snippet":"max-snippet:-1","max-image-preview":"max-image-preview:large","max-video-preview":"max-video-preview:-1"},"canonical":"https:\/\/etavisauk.org\/sl\/contact\/","og_locale":"sl_SI","og_type":"article","og_title":"Contact - ETA UK","og_description":"Contact the ETA UK team for questions about UK Electronic Travel Authorisation. Email info@etavisauk.org for guidance on ETA requirements and travel to the UK.","og_url":"https:\/\/etavisauk.org\/sl\/contact\/","og_site_name":"ETA UK","article_modified_time":"2026-03-19T10:21:03+00:00","og_image":[{"width":1200,"height":630,"url":"https:\/\/etavisauk.org\/wp-content\/uploads\/2026\/03\/eta-uk-og-image.png","type":"image\/png"}],"twitter_card":"summary_large_image","schema":{"@context":"https:\/\/schema.org","@graph":[{"@type":"WebPage","@id":"https:\/\/etavisauk.org\/contact\/","url":"https:\/\/etavisauk.org\/contact\/","name":"Kontakt - ETA UK","isPartOf":{"@id":"https:\/\/etavisauk.org\/#website"},"datePublished":"2026-03-12T23:16:06+00:00","dateModified":"2026-03-19T10:21:03+00:00","description":"Za vpra\u0161anja o elektronski potovalni odobritvi v Zdru\u017eenem kraljestvu se obrnite na ekipo ETA UK. Za navodila o zahtevah ETA in potovanjih v Zdru\u017eeno kraljestvo pi\u0161ite na info@etavisauk.org.","breadcrumb":{"@id":"https:\/\/etavisauk.org\/contact\/#breadcrumb"},"inLanguage":"sl-SI","potentialAction":[{"@type":"ReadAction","target":["https:\/\/etavisauk.org\/contact\/"]}]},{"@type":"BreadcrumbList","@id":"https:\/\/etavisauk.org\/contact\/#breadcrumb","itemListElement":[{"@type":"ListItem","position":1,"name":"Home","item":"https:\/\/etavisauk.org\/en\/"},{"@type":"ListItem","position":2,"name":"Contact"}]},{"@type":"WebSite","@id":"https:\/\/etavisauk.org\/#website","url":"https:\/\/etavisauk.org\/","name":"ETA UK","description":"","publisher":{"@id":"https:\/\/etavisauk.org\/#organization"},"potentialAction":[{"@type":"SearchAction","target":{"@type":"EntryPoint","urlTemplate":"https:\/\/etavisauk.org\/?s={search_term_string}"},"query-input":{"@type":"PropertyValueSpecification","valueRequired":true,"valueName":"search_term_string"}}],"inLanguage":"sl-SI"},{"@type":"Organization","@id":"https:\/\/etavisauk.org\/#organization","name":"ETA UK","alternateName":"ETA Visa UK","url":"https:\/\/etavisauk.org\/","logo":{"@type":"ImageObject","inLanguage":"sl-SI","@id":"https:\/\/etavisauk.org\/#\/schema\/logo\/image\/","url":"https:\/\/etavisauk.org\/wp-content\/uploads\/2026\/03\/eta-uk-logo-696.png","contentUrl":"https:\/\/etavisauk.org\/wp-content\/uploads\/2026\/03\/eta-uk-logo-696.png","width":696,"height":696,"caption":"ETA UK"},"image":{"@id":"https:\/\/etavisauk.org\/#\/schema\/logo\/image\/"}}]}},"_links":{"self":[{"href":"https:\/\/etavisauk.org\/sl\/wp-json\/wp\/v2\/pages\/882","targetHints":{"allow":["GET"]}}],"collection":[{"href":"https:\/\/etavisauk.org\/sl\/wp-json\/wp\/v2\/pages"}],"about":[{"href":"https:\/\/etavisauk.org\/sl\/wp-json\/wp\/v2\/types\/page"}],"author":[{"embeddable":true,"href":"https:\/\/etavisauk.org\/sl\/wp-json\/wp\/v2\/users\/1"}],"replies":[{"embeddable":true,"href":"https:\/\/etavisauk.org\/sl\/wp-json\/wp\/v2\/comments?post=882"}],"version-history":[{"count":1,"href":"https:\/\/etavisauk.org\/sl\/wp-json\/wp\/v2\/pages\/882\/revisions"}],"predecessor-version":[{"id":956,"href":"https:\/\/etavisauk.org\/sl\/wp-json\/wp\/v2\/pages\/882\/revisions\/956"}],"wp:attachment":[{"href":"https:\/\/etavisauk.org\/sl\/wp-json\/wp\/v2\/media?parent=882"}],"curies":[{"name":"wp","href":"https:\/\/api.w.org\/{rel}","templated":true}]}}