{"id":881,"date":"2026-03-12T23:16:05","date_gmt":"2026-03-12T23:16:05","guid":{"rendered":"https:\/\/etavisauk.org\/about-us\/"},"modified":"2026-03-19T14:59:20","modified_gmt":"2026-03-19T14:59:20","slug":"about-us","status":"publish","type":"page","link":"https:\/\/etavisauk.org\/sk\/about-us\/","title":{"rendered":"O n\u00e1s"},"content":{"rendered":"<h2>O spolo\u010dnosti ETA UK<\/h2>\n<p>Vitajte v <strong>ETA UK<\/strong> (etavisauk.org), hlavn\u00fd nez\u00e1visl\u00fd zdroj inform\u00e1ci\u00ed o syst\u00e9me elektronick\u00e9ho cestovn\u00e9ho povolenia Spojen\u00e9ho kr\u00e1\u013eovstva. Od roku 2025 pom\u00e1hame cestuj\u00facim z viac ako 85 kraj\u00edn pochopi\u0165 a zorientova\u0165 sa v po\u017eiadavk\u00e1ch britsk\u00e9ho syst\u00e9mu ETA pomocou jasn\u00fdch, presn\u00fdch a aktu\u00e1lnych pokynov.<\/p>\n<h2>Na\u0161e poslanie<\/h2>\n<p>Na\u0161\u00edm poslan\u00edm je spr\u00edstupni\u0165 cestovanie do Spojen\u00e9ho kr\u00e1\u013eovstva poskytovan\u00edm komplexn\u00fdch viacjazy\u010dn\u00fdch inform\u00e1ci\u00ed o syst\u00e9me ETA. Ver\u00edme, \u017ee ka\u017ed\u00fd cestuj\u00faci si zasl\u00fa\u017ei jasn\u00e9 odpovede na svoje ot\u00e1zky - \u010di u\u017e nav\u0161tevujete Lond\u00fdn po prv\u00fdkr\u00e1t, prech\u00e1dzate cez letisko v Spojenom kr\u00e1\u013eovstve, alebo pl\u00e1nujete rodinn\u00fa dovolenku v Anglicku, \u0160k\u00f3tsku, Walese a Severnom \u00cdrsku.<\/p>\n<h2>\u010co pokr\u00fdvame<\/h2>\n<ul>\n<li><strong>Po\u017eiadavky ETA a pr\u00edru\u010dky pre pod\u00e1vanie \u017eiadost\u00ed<\/strong> - Pokyny krok za krokom pre ob\u010danov v\u0161etk\u00fdch opr\u00e1vnen\u00fdch kraj\u00edn vr\u00e1tane E\u00da, USA, Kanady, Austr\u00e1lie a seversk\u00fdch kraj\u00edn<\/li>\n<li><strong>Sprievodcovia pre jednotliv\u00e9 krajiny<\/strong> - Inform\u00e1cie prisp\u00f4soben\u00e9 pre cestuj\u00facich z jednotliv\u00fdch kraj\u00edn, ktor\u00e9 sa t\u00fdkaj\u00fa miestnych probl\u00e9mov a cestovn\u00fdch zvyklost\u00ed.<\/li>\n<li><strong>Cestovn\u00e9 scen\u00e1re<\/strong> - Usmernenia pre tranzitn\u00fdch cestuj\u00facich, cestuj\u00facich na v\u00fdletn\u00fdch plavb\u00e1ch, obchodn\u00fdch n\u00e1v\u0161tevn\u00edkov, rodiny s de\u0165mi a osoby s dvojakou \u0161t\u00e1tnou pr\u00edslu\u0161nos\u0165ou<\/li>\n<li><strong>Praktick\u00e9 tipy na cestovanie<\/strong> - Doprava, ubytovanie, rozpo\u010det, zvyky, zdravotn\u00e1 starostlivos\u0165 a kult\u00farne poradenstvo pre n\u00e1v\u0161tevn\u00edkov Spojen\u00e9ho kr\u00e1\u013eovstva<\/li>\n<li><strong>Rie\u0161enie probl\u00e9mov<\/strong> - Pomoc pri zamietnut\u00fdch \u017eiadostiach, probl\u00e9moch s fotografiami, kontrol\u00e1ch stavu a be\u017en\u00fdch chyb\u00e1ch<\/li>\n<\/ul>\n<h2>N\u00e1\u0161 redak\u010dn\u00fd t\u00edm<\/h2>\n<p>N\u00e1\u0161 obsah p\u00ed\u0161u a kontroluj\u00fa <strong>James Crawford<\/strong>, hlavn\u00fd redaktor obsahu v spolo\u010dnosti ETA UK. James sa \u0161pecializuje na imigra\u010dn\u00fa politiku Spojen\u00e9ho kr\u00e1\u013eovstva, cestovn\u00e9 doklady a inform\u00e1cie pre n\u00e1v\u0161tevn\u00edkov. V\u0161etky \u010dl\u00e1nky pred uverejnen\u00edm prech\u00e1dzaj\u00fa pr\u00edsnou kontrolou faktov na z\u00e1klade ofici\u00e1lnych vl\u00e1dnych zdrojov Spojen\u00e9ho kr\u00e1\u013eovstva.<\/p>\n<h2>Na\u0161e normy<\/h2>\n<p>Zaviazali sme sa <strong>presnos\u0165, transparentnos\u0165 a nez\u00e1vislos\u0165<\/strong>:<\/p>\n<ul>\n<li><strong>Ofici\u00e1lne zdroje<\/strong> - V\u0161etky inform\u00e1cie poch\u00e1dzaj\u00fa a s\u00fa prepojen\u00e9 s <a href=\"https:\/\/www.gov.uk\/eta\" target=\"_blank\" rel=\"noopener\">GOV.UK<\/a>, ,. <a href=\"https:\/\/homeofficemedia.blog.gov.uk\/\" target=\"_blank\" rel=\"noopener\">Ministerstvo vn\u00fatra Spojen\u00e9ho kr\u00e1\u013eovstva<\/a>, a <a href=\"https:\/\/www.visitbritain.com\" target=\"_blank\" rel=\"noopener\">VisitBritain<\/a><\/li>\n<li><strong>Pravideln\u00e9 aktualiz\u00e1cie<\/strong> - Obsah sa reviduje a aktualizuje v\u017edy, ke\u010f sa zmen\u00ed politika vl\u00e1dy Spojen\u00e9ho kr\u00e1\u013eovstva, pri\u010dom v\u0161etky \u010dl\u00e1nky s\u00fa ozna\u010den\u00e9 d\u00e1tumom.<\/li>\n<li><strong>Nie je spojen\u00fd s vl\u00e1dou<\/strong> - ETA UK je nez\u00e1visl\u00e1 informa\u010dn\u00e1 webov\u00e1 str\u00e1nka. Sme <strong>nie je spojen\u00e1 s vl\u00e1dou Spojen\u00e9ho kr\u00e1\u013eovstva.<\/strong> a nesprac\u00favaj\u00fa \u017eiadosti ETA. Pre ofici\u00e1lne \u017eiadosti v\u017edy pou\u017e\u00edvajte <a href=\"https:\/\/www.gov.uk\/eta\/apply\" target=\"_blank\" rel=\"noopener\">GOV.UK<\/a><\/li>\n<li><strong>Viacjazy\u010dn\u00e9 str\u00e1nky<\/strong> - N\u00e1\u0161 obsah je k dispoz\u00edcii vo viac ako 40 jazykoch, aby sl\u00fa\u017eil cestuj\u00facim na celom svete.<\/li>\n<\/ul>\n<h2>Kontaktujte n\u00e1s<\/h2>\n<p>M\u00e1te ot\u00e1zku alebo n\u00e1vrh? Uv\u00edtame va\u0161u sp\u00e4tn\u00fa v\u00e4zbu. Nav\u0161t\u00edvte na\u0161u <a href=\"\/sk\/contact\/\">Kontaktn\u00e1 str\u00e1nka<\/a> alebo n\u00e1m po\u0161lite e-mail na adresu <a href=\"mailto:info@etavisauk.org\">info@etavisauk.org<\/a>.<\/p>\n<p><em>ETA UK - V\u00e1\u0161 d\u00f4veryhodn\u00fd sprievodca cestovn\u00fdmi povoleniami v Spojenom kr\u00e1\u013eovstve od roku 2025.<\/em><\/p>","protected":false},"excerpt":{"rendered":"<p>About ETA UK Welcome to ETA UK (etavisauk.org), the leading independent information resource for the UK Electronic Travel Authorisation system. Since 2025, we have been helping travellers from over 85 countries understand and navigate the UK ETA requirements with clear, accurate, and up-to-date guidance. Our Mission Our mission is to make UK travel accessible by [&hellip;]<\/p>\n","protected":false},"author":1,"featured_media":0,"parent":0,"menu_order":0,"comment_status":"closed","ping_status":"closed","template":"","meta":{"_yoast_wpseo_focuskw":"","_yoast_wpseo_title":"","_yoast_wpseo_metadesc":"Learn about ETA UK, your trusted guide to the UK Electronic Travel Authorisation system. Independent resource with accurate, government-sourced information.","footnotes":""},"class_list":["post-881","page","type-page","status-publish","hentry"],"yoast_head":"<!-- This site is optimized with the Yoast SEO plugin v27.4 - https:\/\/yoast.com\/product\/yoast-seo-wordpress\/ -->\n<title>About Us - ETA UK<\/title>\n<meta name=\"description\" content=\"Learn about ETA UK, your trusted guide to the UK Electronic Travel Authorisation system. Independent resource with accurate, government-sourced information.\" \/>\n<meta name=\"robots\" content=\"index, follow, max-snippet:-1, max-image-preview:large, max-video-preview:-1\" \/>\n<link rel=\"canonical\" href=\"https:\/\/etavisauk.org\/sk\/about-us\/\" \/>\n<meta property=\"og:locale\" content=\"sk_SK\" \/>\n<meta property=\"og:type\" content=\"article\" \/>\n<meta property=\"og:title\" content=\"About Us - ETA UK\" \/>\n<meta property=\"og:description\" content=\"Learn about ETA UK, your trusted guide to the UK Electronic Travel Authorisation system. Independent resource with accurate, government-sourced information.\" \/>\n<meta property=\"og:url\" content=\"https:\/\/etavisauk.org\/sk\/about-us\/\" \/>\n<meta property=\"og:site_name\" content=\"ETA UK\" \/>\n<meta property=\"article:modified_time\" content=\"2026-03-19T14:59:20+00:00\" \/>\n<meta property=\"og:image\" content=\"https:\/\/etavisauk.org\/wp-content\/uploads\/2026\/03\/eta-uk-og-image.png\" \/>\n\t<meta property=\"og:image:width\" content=\"1200\" \/>\n\t<meta property=\"og:image:height\" content=\"630\" \/>\n\t<meta property=\"og:image:type\" content=\"image\/png\" \/>\n<meta name=\"twitter:card\" content=\"summary_large_image\" \/>\n<meta name=\"twitter:label1\" content=\"Predpokladan\u00fd \u010das \u010d\u00edtania\" \/>\n\t<meta name=\"twitter:data1\" content=\"2 min\u00faty\" \/>\n<script type=\"application\/ld+json\" class=\"yoast-schema-graph\">{\"@context\":\"https:\\\/\\\/schema.org\",\"@graph\":[{\"@type\":\"WebPage\",\"@id\":\"https:\\\/\\\/etavisauk.org\\\/en\\\/about-us\\\/\",\"url\":\"https:\\\/\\\/etavisauk.org\\\/en\\\/about-us\\\/\",\"name\":\"About Us - ETA UK\",\"isPartOf\":{\"@id\":\"https:\\\/\\\/etavisauk.org\\\/#website\"},\"datePublished\":\"2026-03-12T23:16:05+00:00\",\"dateModified\":\"2026-03-19T14:59:20+00:00\",\"description\":\"Learn about ETA UK, your trusted guide to the UK Electronic Travel Authorisation system. Independent resource with accurate, government-sourced information.\",\"breadcrumb\":{\"@id\":\"https:\\\/\\\/etavisauk.org\\\/en\\\/about-us\\\/#breadcrumb\"},\"inLanguage\":\"sk-SK\",\"potentialAction\":[{\"@type\":\"ReadAction\",\"target\":[\"https:\\\/\\\/etavisauk.org\\\/en\\\/about-us\\\/\"]}]},{\"@type\":\"BreadcrumbList\",\"@id\":\"https:\\\/\\\/etavisauk.org\\\/en\\\/about-us\\\/#breadcrumb\",\"itemListElement\":[{\"@type\":\"ListItem\",\"position\":1,\"name\":\"Home\",\"item\":\"https:\\\/\\\/etavisauk.org\\\/en\\\/\"},{\"@type\":\"ListItem\",\"position\":2,\"name\":\"About Us\"}]},{\"@type\":\"WebSite\",\"@id\":\"https:\\\/\\\/etavisauk.org\\\/#website\",\"url\":\"https:\\\/\\\/etavisauk.org\\\/\",\"name\":\"ETA UK\",\"description\":\"\",\"publisher\":{\"@id\":\"https:\\\/\\\/etavisauk.org\\\/#organization\"},\"potentialAction\":[{\"@type\":\"SearchAction\",\"target\":{\"@type\":\"EntryPoint\",\"urlTemplate\":\"https:\\\/\\\/etavisauk.org\\\/?s={search_term_string}\"},\"query-input\":{\"@type\":\"PropertyValueSpecification\",\"valueRequired\":true,\"valueName\":\"search_term_string\"}}],\"inLanguage\":\"sk-SK\"},{\"@type\":\"Organization\",\"@id\":\"https:\\\/\\\/etavisauk.org\\\/#organization\",\"name\":\"ETA UK\",\"alternateName\":\"ETA Visa UK\",\"url\":\"https:\\\/\\\/etavisauk.org\\\/\",\"logo\":{\"@type\":\"ImageObject\",\"inLanguage\":\"sk-SK\",\"@id\":\"https:\\\/\\\/etavisauk.org\\\/#\\\/schema\\\/logo\\\/image\\\/\",\"url\":\"https:\\\/\\\/etavisauk.org\\\/wp-content\\\/uploads\\\/2026\\\/03\\\/eta-uk-logo-696.png\",\"contentUrl\":\"https:\\\/\\\/etavisauk.org\\\/wp-content\\\/uploads\\\/2026\\\/03\\\/eta-uk-logo-696.png\",\"width\":696,\"height\":696,\"caption\":\"ETA UK\"},\"image\":{\"@id\":\"https:\\\/\\\/etavisauk.org\\\/#\\\/schema\\\/logo\\\/image\\\/\"}}]}<\/script>\n<!-- \/ Yoast SEO plugin. -->","yoast_head_json":{"title":"O n\u00e1s - ETA UK","description":"Zozn\u00e1mte sa so syst\u00e9mom ETA UK, va\u0161\u00edm d\u00f4veryhodn\u00fdm sprievodcom syst\u00e9mom elektronick\u00e9ho cestovn\u00e9ho povolenia v Spojenom kr\u00e1\u013eovstve. Nez\u00e1visl\u00fd zdroj presn\u00fdch inform\u00e1ci\u00ed z vl\u00e1dnych zdrojov.","robots":{"index":"index","follow":"follow","max-snippet":"max-snippet:-1","max-image-preview":"max-image-preview:large","max-video-preview":"max-video-preview:-1"},"canonical":"https:\/\/etavisauk.org\/sk\/about-us\/","og_locale":"sk_SK","og_type":"article","og_title":"About Us - ETA UK","og_description":"Learn about ETA UK, your trusted guide to the UK Electronic Travel Authorisation system. Independent resource with accurate, government-sourced information.","og_url":"https:\/\/etavisauk.org\/sk\/about-us\/","og_site_name":"ETA UK","article_modified_time":"2026-03-19T14:59:20+00:00","og_image":[{"width":1200,"height":630,"url":"https:\/\/etavisauk.org\/wp-content\/uploads\/2026\/03\/eta-uk-og-image.png","type":"image\/png"}],"twitter_card":"summary_large_image","twitter_misc":{"Predpokladan\u00fd \u010das \u010d\u00edtania":"2 min\u00faty"},"schema":{"@context":"https:\/\/schema.org","@graph":[{"@type":"WebPage","@id":"https:\/\/etavisauk.org\/en\/about-us\/","url":"https:\/\/etavisauk.org\/en\/about-us\/","name":"O n\u00e1s - ETA UK","isPartOf":{"@id":"https:\/\/etavisauk.org\/#website"},"datePublished":"2026-03-12T23:16:05+00:00","dateModified":"2026-03-19T14:59:20+00:00","description":"Zozn\u00e1mte sa so syst\u00e9mom ETA UK, va\u0161\u00edm d\u00f4veryhodn\u00fdm sprievodcom syst\u00e9mom elektronick\u00e9ho cestovn\u00e9ho povolenia v Spojenom kr\u00e1\u013eovstve. Nez\u00e1visl\u00fd zdroj presn\u00fdch inform\u00e1ci\u00ed z vl\u00e1dnych zdrojov.","breadcrumb":{"@id":"https:\/\/etavisauk.org\/en\/about-us\/#breadcrumb"},"inLanguage":"sk-SK","potentialAction":[{"@type":"ReadAction","target":["https:\/\/etavisauk.org\/en\/about-us\/"]}]},{"@type":"BreadcrumbList","@id":"https:\/\/etavisauk.org\/en\/about-us\/#breadcrumb","itemListElement":[{"@type":"ListItem","position":1,"name":"Home","item":"https:\/\/etavisauk.org\/en\/"},{"@type":"ListItem","position":2,"name":"About Us"}]},{"@type":"WebSite","@id":"https:\/\/etavisauk.org\/#website","url":"https:\/\/etavisauk.org\/","name":"ETA UK","description":"","publisher":{"@id":"https:\/\/etavisauk.org\/#organization"},"potentialAction":[{"@type":"SearchAction","target":{"@type":"EntryPoint","urlTemplate":"https:\/\/etavisauk.org\/?s={search_term_string}"},"query-input":{"@type":"PropertyValueSpecification","valueRequired":true,"valueName":"search_term_string"}}],"inLanguage":"sk-SK"},{"@type":"Organization","@id":"https:\/\/etavisauk.org\/#organization","name":"ETA UK","alternateName":"ETA Visa UK","url":"https:\/\/etavisauk.org\/","logo":{"@type":"ImageObject","inLanguage":"sk-SK","@id":"https:\/\/etavisauk.org\/#\/schema\/logo\/image\/","url":"https:\/\/etavisauk.org\/wp-content\/uploads\/2026\/03\/eta-uk-logo-696.png","contentUrl":"https:\/\/etavisauk.org\/wp-content\/uploads\/2026\/03\/eta-uk-logo-696.png","width":696,"height":696,"caption":"ETA UK"},"image":{"@id":"https:\/\/etavisauk.org\/#\/schema\/logo\/image\/"}}]}},"_links":{"self":[{"href":"https:\/\/etavisauk.org\/sk\/wp-json\/wp\/v2\/pages\/881","targetHints":{"allow":["GET"]}}],"collection":[{"href":"https:\/\/etavisauk.org\/sk\/wp-json\/wp\/v2\/pages"}],"about":[{"href":"https:\/\/etavisauk.org\/sk\/wp-json\/wp\/v2\/types\/page"}],"author":[{"embeddable":true,"href":"https:\/\/etavisauk.org\/sk\/wp-json\/wp\/v2\/users\/1"}],"replies":[{"embeddable":true,"href":"https:\/\/etavisauk.org\/sk\/wp-json\/wp\/v2\/comments?post=881"}],"version-history":[{"count":2,"href":"https:\/\/etavisauk.org\/sk\/wp-json\/wp\/v2\/pages\/881\/revisions"}],"predecessor-version":[{"id":966,"href":"https:\/\/etavisauk.org\/sk\/wp-json\/wp\/v2\/pages\/881\/revisions\/966"}],"wp:attachment":[{"href":"https:\/\/etavisauk.org\/sk\/wp-json\/wp\/v2\/media?parent=881"}],"curies":[{"name":"wp","href":"https:\/\/api.w.org\/{rel}","templated":true}]}}