{"id":881,"date":"2026-03-12T23:16:05","date_gmt":"2026-03-12T23:16:05","guid":{"rendered":"https:\/\/etavisauk.org\/about-us\/"},"modified":"2026-03-19T14:59:20","modified_gmt":"2026-03-19T14:59:20","slug":"about-us","status":"publish","type":"page","link":"https:\/\/etavisauk.org\/is\/about-us\/","title":{"rendered":"Um okkur"},"content":{"rendered":"<h2>Um ETA UK<\/h2>\n<p>Velkomin til <strong>ETA UK<\/strong> (etavisauk.org), lei\u00f0andi \u00f3h\u00e1\u00f0a uppl\u00fdsingagjafi um breska rafr\u00e6na fer\u00f0aleyfiskerfi\u00f0. Fr\u00e1 2025 h\u00f6fum vi\u00f0 a\u00f0sto\u00f0a\u00f0 fer\u00f0alanga fr\u00e1 yfir 85 l\u00f6ndum vi\u00f0 a\u00f0 skilja og uppfylla kr\u00f6fur um breskt ETA me\u00f0 sk\u00fdrum, n\u00e1kv\u00e6mum og uppf\u00e6r\u00f0um lei\u00f0beiningum.<\/p>\n<h2>Markmi\u00f0 okkar<\/h2>\n<p>Markmi\u00f0 okkar er a\u00f0 gera fer\u00f0al\u00f6g til Bretlands a\u00f0gengileg me\u00f0 \u00fev\u00ed a\u00f0 veita yfirgripsmiklar, fj\u00f6ltyngdar uppl\u00fdsingar um ETA-kerfi\u00f0. Vi\u00f0 teljum a\u00f0 hver fer\u00f0alangur eigi skili\u00f0 sk\u00fdr sv\u00f6r vi\u00f0 spurningum s\u00ednum \u2014 hvort sem \u00fe\u00fa ert a\u00f0 heims\u00e6kja London \u00ed fyrsta sinn, fer\u00f0ast \u00ed gegnum breskan flugv\u00f6ll e\u00f0a ert a\u00f0 skipuleggja fj\u00f6lskyldufer\u00f0 um England, Skotland, Wales og Nor\u00f0ur-\u00cdrland.<\/p>\n<h2>Hva\u00f0 vi\u00f0 fj\u00f6llum um<\/h2>\n<ul>\n<li><strong>ETA-kr\u00f6fur og lei\u00f0beiningar um ums\u00f3kn<\/strong> \u2014 Skref-fyrir-skref lei\u00f0beiningar fyrir r\u00edkisborgara allra h\u00e6fra landa, \u00fear \u00e1 me\u00f0al ESB, Bandar\u00edkjanna, Kanada, \u00c1stral\u00edu og norr\u00e6nu r\u00edkjanna<\/li>\n<li><strong>L\u00f6nd-s\u00e9rt\u00e6kir lei\u00f0arv\u00edsar<\/strong> \u2014 S\u00e9rsni\u00f0nar uppl\u00fdsingar fyrir fer\u00f0alanga fr\u00e1 einst\u00f6kum l\u00f6ndum, sem taka mi\u00f0 af sta\u00f0bundnum \u00e1hyggjum og fer\u00f0avenjum<\/li>\n<li><strong>Fer\u00f0asvi\u00f0smyndir<\/strong> \u2014 Lei\u00f0beiningar fyrir far\u00feega \u00ed almenningssamg\u00f6ngum, skemmtifer\u00f0askipafar\u00feega, vi\u00f0skiptagesti, fj\u00f6lskyldur me\u00f0 b\u00f6rn og \u00fe\u00e1 sem hafa tv\u00f6falt r\u00edkisfang<\/li>\n<li><strong>Hagn\u00fdtar r\u00e1\u00f0leggingar fyrir fer\u00f0al\u00f6g<\/strong> \u2014 Samg\u00f6ngur, gisting, fj\u00e1rhags\u00e1\u00e6tlun, tollam\u00e1l, heilbrig\u00f0is\u00fej\u00f3nusta og menningarr\u00e1\u00f0gj\u00f6f fyrir gesti \u00ed Bretlandi<\/li>\n<li><strong>Verkf\u00e6rakista<\/strong> \u2014 A\u00f0sto\u00f0 vi\u00f0 hafna\u00f0ar ums\u00f3knir, myndavandam\u00e1l, st\u00f6\u00f0uathuganir og algengar villur<\/li>\n<\/ul>\n<h2>Ritstj\u00f3rnarteymi okkar<\/h2>\n<p>Innihald okkar er skrifa\u00f0 og endursko\u00f0a\u00f0 af <strong>James Crawford<\/strong>, a\u00f0alritstj\u00f3ri efnis hj\u00e1 ETA UK. James s\u00e9rh\u00e6fir sig \u00ed innflytjendastefnu Bretlands, fer\u00f0askj\u00f6lum og uppl\u00fdsingum fyrir gesti. Allir greinar gangast undir str\u00f6ng sta\u00f0reyndarathugun gegn opinberum heimildum bresku r\u00edkisstj\u00f3rnarinnar \u00e1\u00f0ur en \u00fe\u00e6r eru birtar.<\/p>\n<h2>Vi\u00f0mi\u00f0 okkar<\/h2>\n<p>Vi\u00f0 erum skuldbundin til <strong>n\u00e1kv\u00e6mni, gagns\u00e6i og sj\u00e1lfst\u00e6\u00f0i<\/strong>:<\/p>\n<ul>\n<li><strong>Opinberar heimildir<\/strong> \u2014 Allar uppl\u00fdsingar eru fengnar \u00far og krossv\u00edsa\u00f0ar vi\u00f0 <a href=\"https:\/\/www.gov.uk\/eta\" target=\"_blank\" rel=\"noopener\">GOV.UK<\/a>, hinn <a href=\"https:\/\/homeofficemedia.blog.gov.uk\/\" target=\"_blank\" rel=\"noopener\">Breskur innanr\u00edkisr\u00e1\u00f0uneyti\u00f0<\/a>, og <a href=\"https:\/\/www.visitbritain.com\" target=\"_blank\" rel=\"noopener\">Heims\u00e6ki\u00f0 Bretland<\/a><\/li>\n<li><strong>Reglulegar uppf\u00e6rslur<\/strong> \u2014 Innihald er endursko\u00f0a\u00f0 og uppf\u00e6rt \u00ed hvert sinn sem stefna breska r\u00edkisstj\u00f3rnarinnar breytist, me\u00f0 dagsetningarsv\u00f6r\u00f0um \u00e1 \u00f6llum greinum<\/li>\n<li><strong>Ekki r\u00edkistengt<\/strong> \u2014 ETA UK er sj\u00e1lfst\u00e6\u00f0 uppl\u00fdsingavef. Vi\u00f0 erum <strong>Ekki tengdur bresku r\u00edkisstj\u00f3rninni<\/strong> og afgrei\u00f0a ekki ETA-ums\u00f3knir. Fyrir opinberar ums\u00f3knir skaltu alltaf nota <a href=\"https:\/\/www.gov.uk\/eta\/apply\" target=\"_blank\" rel=\"noopener\">GOV.UK<\/a><\/li>\n<li><strong>M\u00e1lf\u00e6r \u00ed m\u00f6rgum tungum\u00e1lum<\/strong> \u2014 Efni\u00f0 okkar er f\u00e1anlegt \u00e1 yfir 40 tungum\u00e1lum til a\u00f0 \u00fej\u00f3na fer\u00f0al\u00f6ngum um allan heim<\/li>\n<\/ul>\n<h2>Haf\u00f0u samband<\/h2>\n<p>Ertu me\u00f0 spurningu e\u00f0a till\u00f6gu? Vi\u00f0 f\u00f6gnum endurgj\u00f6f \u00feinni. Heims\u00e6ktu okkar <a href=\"\/is\/contact\/\">Haf\u00f0u samband<\/a> e\u00f0a sendu okkur t\u00f6lvup\u00f3st \u00e1 <a href=\"mailto:info@etavisauk.org\">info@etavisauk.org<\/a>.<\/p>\n<p><em>ETA UK \u2014 \u00feinn \u00e1rei\u00f0anlegi lei\u00f0arv\u00edsir um fer\u00f0au\u00f0kenni fyrir Bretland fr\u00e1 og me\u00f0 2025.<\/em><\/p>","protected":false},"excerpt":{"rendered":"<p>About ETA UK Welcome to ETA UK (etavisauk.org), the leading independent information resource for the UK Electronic Travel Authorisation system. Since 2025, we have been helping travellers from over 85 countries understand and navigate the UK ETA requirements with clear, accurate, and up-to-date guidance. Our Mission Our mission is to make UK travel accessible by [&hellip;]<\/p>\n","protected":false},"author":1,"featured_media":0,"parent":0,"menu_order":0,"comment_status":"closed","ping_status":"closed","template":"","meta":{"_yoast_wpseo_focuskw":"","_yoast_wpseo_title":"","_yoast_wpseo_metadesc":"Learn about ETA UK, your trusted guide to the UK Electronic Travel Authorisation system. Independent resource with accurate, government-sourced information.","footnotes":""},"class_list":["post-881","page","type-page","status-publish","hentry"],"yoast_head":"<!-- This site is optimized with the Yoast SEO plugin v27.4 - https:\/\/yoast.com\/product\/yoast-seo-wordpress\/ -->\n<title>About Us - ETA UK<\/title>\n<meta name=\"description\" content=\"Learn about ETA UK, your trusted guide to the UK Electronic Travel Authorisation system. Independent resource with accurate, government-sourced information.\" \/>\n<meta name=\"robots\" content=\"index, follow, max-snippet:-1, max-image-preview:large, max-video-preview:-1\" \/>\n<link rel=\"canonical\" href=\"https:\/\/etavisauk.org\/is\/about-us\/\" \/>\n<meta property=\"og:locale\" content=\"is_IS\" \/>\n<meta property=\"og:type\" content=\"article\" \/>\n<meta property=\"og:title\" content=\"About Us - ETA UK\" \/>\n<meta property=\"og:description\" content=\"Learn about ETA UK, your trusted guide to the UK Electronic Travel Authorisation system. Independent resource with accurate, government-sourced information.\" \/>\n<meta property=\"og:url\" content=\"https:\/\/etavisauk.org\/is\/about-us\/\" \/>\n<meta property=\"og:site_name\" content=\"ETA UK\" \/>\n<meta property=\"article:modified_time\" content=\"2026-03-19T14:59:20+00:00\" \/>\n<meta property=\"og:image\" content=\"https:\/\/etavisauk.org\/wp-content\/uploads\/2026\/03\/eta-uk-og-image.png\" \/>\n\t<meta property=\"og:image:width\" content=\"1200\" \/>\n\t<meta property=\"og:image:height\" content=\"630\" \/>\n\t<meta property=\"og:image:type\" content=\"image\/png\" \/>\n<meta name=\"twitter:card\" content=\"summary_large_image\" \/>\n<meta name=\"twitter:label1\" content=\"Est. reading time\" \/>\n\t<meta name=\"twitter:data1\" content=\"2 minutes\" \/>\n<script type=\"application\/ld+json\" class=\"yoast-schema-graph\">{\"@context\":\"https:\\\/\\\/schema.org\",\"@graph\":[{\"@type\":\"WebPage\",\"@id\":\"https:\\\/\\\/etavisauk.org\\\/en\\\/about-us\\\/\",\"url\":\"https:\\\/\\\/etavisauk.org\\\/en\\\/about-us\\\/\",\"name\":\"About Us - ETA UK\",\"isPartOf\":{\"@id\":\"https:\\\/\\\/etavisauk.org\\\/#website\"},\"datePublished\":\"2026-03-12T23:16:05+00:00\",\"dateModified\":\"2026-03-19T14:59:20+00:00\",\"description\":\"Learn about ETA UK, your trusted guide to the UK Electronic Travel Authorisation system. Independent resource with accurate, government-sourced information.\",\"breadcrumb\":{\"@id\":\"https:\\\/\\\/etavisauk.org\\\/en\\\/about-us\\\/#breadcrumb\"},\"inLanguage\":\"is\",\"potentialAction\":[{\"@type\":\"ReadAction\",\"target\":[\"https:\\\/\\\/etavisauk.org\\\/en\\\/about-us\\\/\"]}]},{\"@type\":\"BreadcrumbList\",\"@id\":\"https:\\\/\\\/etavisauk.org\\\/en\\\/about-us\\\/#breadcrumb\",\"itemListElement\":[{\"@type\":\"ListItem\",\"position\":1,\"name\":\"Home\",\"item\":\"https:\\\/\\\/etavisauk.org\\\/en\\\/\"},{\"@type\":\"ListItem\",\"position\":2,\"name\":\"About Us\"}]},{\"@type\":\"WebSite\",\"@id\":\"https:\\\/\\\/etavisauk.org\\\/#website\",\"url\":\"https:\\\/\\\/etavisauk.org\\\/\",\"name\":\"ETA UK\",\"description\":\"\",\"publisher\":{\"@id\":\"https:\\\/\\\/etavisauk.org\\\/#organization\"},\"potentialAction\":[{\"@type\":\"SearchAction\",\"target\":{\"@type\":\"EntryPoint\",\"urlTemplate\":\"https:\\\/\\\/etavisauk.org\\\/?s={search_term_string}\"},\"query-input\":{\"@type\":\"PropertyValueSpecification\",\"valueRequired\":true,\"valueName\":\"search_term_string\"}}],\"inLanguage\":\"is\"},{\"@type\":\"Organization\",\"@id\":\"https:\\\/\\\/etavisauk.org\\\/#organization\",\"name\":\"ETA UK\",\"alternateName\":\"ETA Visa UK\",\"url\":\"https:\\\/\\\/etavisauk.org\\\/\",\"logo\":{\"@type\":\"ImageObject\",\"inLanguage\":\"is\",\"@id\":\"https:\\\/\\\/etavisauk.org\\\/#\\\/schema\\\/logo\\\/image\\\/\",\"url\":\"https:\\\/\\\/etavisauk.org\\\/wp-content\\\/uploads\\\/2026\\\/03\\\/eta-uk-logo-696.png\",\"contentUrl\":\"https:\\\/\\\/etavisauk.org\\\/wp-content\\\/uploads\\\/2026\\\/03\\\/eta-uk-logo-696.png\",\"width\":696,\"height\":696,\"caption\":\"ETA UK\"},\"image\":{\"@id\":\"https:\\\/\\\/etavisauk.org\\\/#\\\/schema\\\/logo\\\/image\\\/\"}}]}<\/script>\n<!-- \/ Yoast SEO plugin. -->","yoast_head_json":{"title":"Um okkur - ETA UK","description":"Kynntu \u00fe\u00e9r ETA UK, \u00feinn \u00e1rei\u00f0anlega lei\u00f0arv\u00edsir um breska rafr\u00e6na fer\u00f0aleyfiskerfi\u00f0. Sj\u00e1lfst\u00e6\u00f0 au\u00f0lind me\u00f0 n\u00e1kv\u00e6mar uppl\u00fdsingar fr\u00e1 stj\u00f3rnv\u00f6ldum.","robots":{"index":"index","follow":"follow","max-snippet":"max-snippet:-1","max-image-preview":"max-image-preview:large","max-video-preview":"max-video-preview:-1"},"canonical":"https:\/\/etavisauk.org\/is\/about-us\/","og_locale":"is_IS","og_type":"article","og_title":"About Us - ETA UK","og_description":"Learn about ETA UK, your trusted guide to the UK Electronic Travel Authorisation system. Independent resource with accurate, government-sourced information.","og_url":"https:\/\/etavisauk.org\/is\/about-us\/","og_site_name":"ETA UK","article_modified_time":"2026-03-19T14:59:20+00:00","og_image":[{"width":1200,"height":630,"url":"https:\/\/etavisauk.org\/wp-content\/uploads\/2026\/03\/eta-uk-og-image.png","type":"image\/png"}],"twitter_card":"summary_large_image","twitter_misc":{"Est. reading time":"2 minutes"},"schema":{"@context":"https:\/\/schema.org","@graph":[{"@type":"WebPage","@id":"https:\/\/etavisauk.org\/en\/about-us\/","url":"https:\/\/etavisauk.org\/en\/about-us\/","name":"Um okkur - ETA UK","isPartOf":{"@id":"https:\/\/etavisauk.org\/#website"},"datePublished":"2026-03-12T23:16:05+00:00","dateModified":"2026-03-19T14:59:20+00:00","description":"Kynntu \u00fe\u00e9r ETA UK, \u00feinn \u00e1rei\u00f0anlega lei\u00f0arv\u00edsir um breska rafr\u00e6na fer\u00f0aleyfiskerfi\u00f0. Sj\u00e1lfst\u00e6\u00f0 au\u00f0lind me\u00f0 n\u00e1kv\u00e6mar uppl\u00fdsingar fr\u00e1 stj\u00f3rnv\u00f6ldum.","breadcrumb":{"@id":"https:\/\/etavisauk.org\/en\/about-us\/#breadcrumb"},"inLanguage":"is","potentialAction":[{"@type":"ReadAction","target":["https:\/\/etavisauk.org\/en\/about-us\/"]}]},{"@type":"BreadcrumbList","@id":"https:\/\/etavisauk.org\/en\/about-us\/#breadcrumb","itemListElement":[{"@type":"ListItem","position":1,"name":"Home","item":"https:\/\/etavisauk.org\/en\/"},{"@type":"ListItem","position":2,"name":"About Us"}]},{"@type":"WebSite","@id":"https:\/\/etavisauk.org\/#website","url":"https:\/\/etavisauk.org\/","name":"ETA UK","description":"","publisher":{"@id":"https:\/\/etavisauk.org\/#organization"},"potentialAction":[{"@type":"SearchAction","target":{"@type":"EntryPoint","urlTemplate":"https:\/\/etavisauk.org\/?s={search_term_string}"},"query-input":{"@type":"PropertyValueSpecification","valueRequired":true,"valueName":"search_term_string"}}],"inLanguage":"is"},{"@type":"Organization","@id":"https:\/\/etavisauk.org\/#organization","name":"ETA UK","alternateName":"ETA Visa UK","url":"https:\/\/etavisauk.org\/","logo":{"@type":"ImageObject","inLanguage":"is","@id":"https:\/\/etavisauk.org\/#\/schema\/logo\/image\/","url":"https:\/\/etavisauk.org\/wp-content\/uploads\/2026\/03\/eta-uk-logo-696.png","contentUrl":"https:\/\/etavisauk.org\/wp-content\/uploads\/2026\/03\/eta-uk-logo-696.png","width":696,"height":696,"caption":"ETA UK"},"image":{"@id":"https:\/\/etavisauk.org\/#\/schema\/logo\/image\/"}}]}},"_links":{"self":[{"href":"https:\/\/etavisauk.org\/is\/wp-json\/wp\/v2\/pages\/881","targetHints":{"allow":["GET"]}}],"collection":[{"href":"https:\/\/etavisauk.org\/is\/wp-json\/wp\/v2\/pages"}],"about":[{"href":"https:\/\/etavisauk.org\/is\/wp-json\/wp\/v2\/types\/page"}],"author":[{"embeddable":true,"href":"https:\/\/etavisauk.org\/is\/wp-json\/wp\/v2\/users\/1"}],"replies":[{"embeddable":true,"href":"https:\/\/etavisauk.org\/is\/wp-json\/wp\/v2\/comments?post=881"}],"version-history":[{"count":2,"href":"https:\/\/etavisauk.org\/is\/wp-json\/wp\/v2\/pages\/881\/revisions"}],"predecessor-version":[{"id":966,"href":"https:\/\/etavisauk.org\/is\/wp-json\/wp\/v2\/pages\/881\/revisions\/966"}],"wp:attachment":[{"href":"https:\/\/etavisauk.org\/is\/wp-json\/wp\/v2\/media?parent=881"}],"curies":[{"name":"wp","href":"https:\/\/api.w.org\/{rel}","templated":true}]}}