{"id":881,"date":"2026-03-12T23:16:05","date_gmt":"2026-03-12T23:16:05","guid":{"rendered":"https:\/\/etavisauk.org\/about-us\/"},"modified":"2026-03-19T14:59:20","modified_gmt":"2026-03-19T14:59:20","slug":"about-us","status":"publish","type":"page","link":"https:\/\/etavisauk.org\/hu\/about-us\/","title":{"rendered":"R\u00f3lunk"},"content":{"rendered":"<h2>Az ETA UK-r\u00f3l<\/h2>\n<p>\u00dcdv\u00f6z\u00f6lj\u00fck a <strong>ETA UK<\/strong> (etavisauk.org), az Egyes\u00fclt Kir\u00e1lys\u00e1g elektronikus utaz\u00e1si enged\u00e9lyez\u00e9si rendszer\u00e9nek vezet\u0151 f\u00fcggetlen inform\u00e1ci\u00f3s forr\u00e1sa. 2025 \u00f3ta vil\u00e1gos, pontos \u00e9s naprak\u00e9sz \u00fatmutat\u00e1ssal seg\u00edt\u00fcnk a t\u00f6bb mint 85 orsz\u00e1gb\u00f3l \u00e9rkez\u0151 utaz\u00f3knak meg\u00e9rteni \u00e9s eligazodni az Egyes\u00fclt Kir\u00e1lys\u00e1g ETA-k\u00f6vetelm\u00e9nyeiben.<\/p>\n<h2>K\u00fcldet\u00e9s\u00fcnk<\/h2>\n<p>K\u00fcldet\u00e9s\u00fcnk, hogy az ETA-rendszerrel kapcsolatos \u00e1tfog\u00f3, t\u00f6bbnyelv\u0171 inform\u00e1ci\u00f3kkal tegy\u00fck el\u00e9rhet\u0151v\u00e9 az Egyes\u00fclt Kir\u00e1lys\u00e1gban t\u00f6rt\u00e9n\u0151 utaz\u00e1st. Hissz\u00fck, hogy minden utaz\u00f3 meg\u00e9rdemli, hogy k\u00e9rd\u00e9seire egy\u00e9rtelm\u0171 v\u00e1laszokat kapjon - ak\u00e1r el\u0151sz\u00f6r l\u00e1togat Londonba, ak\u00e1r \u00e1tutazik egy brit rep\u00fcl\u0151t\u00e9ren, ak\u00e1r csal\u00e1di nyaral\u00e1st tervez Angli\u00e1ban, Sk\u00f3ci\u00e1ban, Walesben \u00e9s \u00c9szak-\u00cdrorsz\u00e1gban.<\/p>\n<h2>Mit fedez\u00fcnk le<\/h2>\n<ul>\n<li><strong>ETA k\u00f6vetelm\u00e9nyek \u00e9s alkalmaz\u00e1si \u00fatmutat\u00f3k<\/strong> - L\u00e9p\u00e9sr\u0151l l\u00e9p\u00e9sre t\u00f6rt\u00e9n\u0151 \u00fatmutat\u00e1s az \u00f6sszes jogosult orsz\u00e1g \u00e1llampolg\u00e1rai sz\u00e1m\u00e1ra, bele\u00e9rtve az EU-t, az Egyes\u00fclt \u00c1llamokat, Kanad\u00e1t, Ausztr\u00e1li\u00e1t \u00e9s a skandin\u00e1v orsz\u00e1gokat is.<\/li>\n<li><strong>Orsz\u00e1gspecifikus \u00fatmutat\u00f3k<\/strong> - Szem\u00e9lyre szabott inform\u00e1ci\u00f3k az egyes orsz\u00e1gokb\u00f3l \u00e9rkez\u0151 utaz\u00f3k sz\u00e1m\u00e1ra, a helyi agg\u00e1lyok \u00e9s utaz\u00e1si szok\u00e1sok figyelembev\u00e9tel\u00e9vel.<\/li>\n<li><strong>Utaz\u00e1si forgat\u00f3k\u00f6nyvek<\/strong> - \u00datmutat\u00f3 tranzitutasok, k\u00f6rutaz\u00e1son utaz\u00f3k, \u00fczleti l\u00e1togat\u00f3k, gyermekes csal\u00e1dok \u00e9s kett\u0151s \u00e1llampolg\u00e1rs\u00e1g\u00fa szem\u00e9lyek sz\u00e1m\u00e1ra<\/li>\n<li><strong>Gyakorlati utaz\u00e1si tippek<\/strong> - K\u00f6zleked\u00e9si, sz\u00e1ll\u00e1s, k\u00f6lts\u00e9gvet\u00e9s, szok\u00e1sok, eg\u00e9szs\u00e9g\u00fcgyi \u00e9s kultur\u00e1lis tan\u00e1csok az Egyes\u00fclt Kir\u00e1lys\u00e1gba l\u00e1togat\u00f3knak.<\/li>\n<li><strong>Hibaelh\u00e1r\u00edt\u00e1s<\/strong> - Seg\u00edts\u00e9g az elutas\u00edtott k\u00e9relmek, fot\u00f3probl\u00e9m\u00e1k, st\u00e1tuszellen\u0151rz\u00e9sek \u00e9s gyakori hib\u00e1k eset\u00e9n<\/li>\n<\/ul>\n<h2>Szerkeszt\u0151s\u00e9g\u00fcnk<\/h2>\n<p>Tartalmunkat a k\u00f6vetkez\u0151k \u00edrj\u00e1k \u00e9s ellen\u0151rzik <strong>James Crawford<\/strong>, az ETA UK vezet\u0151 tartalomszerkeszt\u0151je. James szakter\u00fclete az Egyes\u00fclt Kir\u00e1lys\u00e1g bev\u00e1ndorl\u00e1si politik\u00e1ja, \u00fati okm\u00e1nyok \u00e9s l\u00e1togat\u00f3i inform\u00e1ci\u00f3k. Minden cikket a k\u00f6zz\u00e9t\u00e9tel el\u0151tt szigor\u00fa t\u00e9nyellen\u0151rz\u00e9snek vet\u00fcnk al\u00e1 az Egyes\u00fclt Kir\u00e1lys\u00e1g hivatalos korm\u00e1nyzati forr\u00e1sai alapj\u00e1n.<\/p>\n<h2>Szabv\u00e1nyaink<\/h2>\n<p>Elk\u00f6telezettek vagyunk a k\u00f6vetkez\u0151k ir\u00e1nt <strong>pontoss\u00e1g, \u00e1tl\u00e1that\u00f3s\u00e1g \u00e9s f\u00fcggetlens\u00e9g<\/strong>:<\/p>\n<ul>\n<li><strong>Hivatalos forr\u00e1sok<\/strong> - Az \u00f6sszes inform\u00e1ci\u00f3 forr\u00e1sa \u00e9s kereszthivatkoz\u00e1sa a k\u00f6vetkez\u0151 forr\u00e1sokb\u00f3l sz\u00e1rmazik <a href=\"https:\/\/www.gov.uk\/eta\" target=\"_blank\" rel=\"noopener\">GOV.UK<\/a>, a <a href=\"https:\/\/homeofficemedia.blog.gov.uk\/\" target=\"_blank\" rel=\"noopener\">Egyes\u00fclt Kir\u00e1lys\u00e1g Bel\u00fcgyminiszt\u00e9rium<\/a>, \u00e9s <a href=\"https:\/\/www.visitbritain.com\" target=\"_blank\" rel=\"noopener\">VisitBritain<\/a><\/li>\n<li><strong>Rendszeres friss\u00edt\u00e9sek<\/strong> - A tartalmat fel\u00fclvizsg\u00e1lj\u00e1k \u00e9s friss\u00edtik, ha az Egyes\u00fclt Kir\u00e1lys\u00e1g korm\u00e1ny\u00e1nak politik\u00e1ja v\u00e1ltozik, minden cikket d\u00e1tummal l\u00e1tnak el.<\/li>\n<li><strong>Nem korm\u00e1nyhoz nem k\u00f6t\u0151d\u0151<\/strong> - Az ETA UK egy f\u00fcggetlen inform\u00e1ci\u00f3s weboldal. Mi vagyunk <strong>nem kapcsol\u00f3dik az Egyes\u00fclt Kir\u00e1lys\u00e1g korm\u00e1ny\u00e1hoz<\/strong> \u00e9s nem dolgozz\u00e1k fel az ETA-k\u00e9relmeket. Hivatalos k\u00e9relmekhez mindig haszn\u00e1lja a <a href=\"https:\/\/www.gov.uk\/eta\/apply\" target=\"_blank\" rel=\"noopener\">GOV.UK<\/a><\/li>\n<li><strong>T\u00f6bbnyelv\u0171<\/strong> - Tartalmunk t\u00f6bb mint 40 nyelven \u00e9rhet\u0151 el, hogy vil\u00e1gszerte kiszolg\u00e1lhassuk az utaz\u00f3kat.<\/li>\n<\/ul>\n<h2>Kapcsolatfelv\u00e9tel<\/h2>\n<p>K\u00e9rd\u00e9se vagy javaslata van? Sz\u00edvesen fogadjuk visszajelz\u00e9s\u00e9t. L\u00e1togasson el <a href=\"\/hu\/contact\/\">Kapcsolat oldal<\/a> vagy k\u00fcldj\u00f6n nek\u00fcnk e-mailt a <a href=\"mailto:info@etavisauk.org\">info@etavisauk.org<\/a>.<\/p>\n<p><em>ETA UK - 2025 \u00f3ta az \u00d6n megb\u00edzhat\u00f3 \u00fatmutat\u00f3ja az Egyes\u00fclt Kir\u00e1lys\u00e1gban t\u00f6rt\u00e9n\u0151 utaz\u00e1si enged\u00e9lyez\u00e9shez.<\/em><\/p>","protected":false},"excerpt":{"rendered":"<p>About ETA UK Welcome to ETA UK (etavisauk.org), the leading independent information resource for the UK Electronic Travel Authorisation system. Since 2025, we have been helping travellers from over 85 countries understand and navigate the UK ETA requirements with clear, accurate, and up-to-date guidance. Our Mission Our mission is to make UK travel accessible by [&hellip;]<\/p>\n","protected":false},"author":1,"featured_media":0,"parent":0,"menu_order":0,"comment_status":"closed","ping_status":"closed","template":"","meta":{"_yoast_wpseo_focuskw":"","_yoast_wpseo_title":"","_yoast_wpseo_metadesc":"Learn about ETA UK, your trusted guide to the UK Electronic Travel Authorisation system. Independent resource with accurate, government-sourced information.","footnotes":""},"class_list":["post-881","page","type-page","status-publish","hentry"],"yoast_head":"<!-- This site is optimized with the Yoast SEO plugin v27.4 - https:\/\/yoast.com\/product\/yoast-seo-wordpress\/ -->\n<title>About Us - ETA UK<\/title>\n<meta name=\"description\" content=\"Learn about ETA UK, your trusted guide to the UK Electronic Travel Authorisation system. Independent resource with accurate, government-sourced information.\" \/>\n<meta name=\"robots\" content=\"index, follow, max-snippet:-1, max-image-preview:large, max-video-preview:-1\" \/>\n<link rel=\"canonical\" href=\"https:\/\/etavisauk.org\/hu\/about-us\/\" \/>\n<meta property=\"og:locale\" content=\"hu_HU\" \/>\n<meta property=\"og:type\" content=\"article\" \/>\n<meta property=\"og:title\" content=\"About Us - ETA UK\" \/>\n<meta property=\"og:description\" content=\"Learn about ETA UK, your trusted guide to the UK Electronic Travel Authorisation system. Independent resource with accurate, government-sourced information.\" \/>\n<meta property=\"og:url\" content=\"https:\/\/etavisauk.org\/hu\/about-us\/\" \/>\n<meta property=\"og:site_name\" content=\"ETA UK\" \/>\n<meta property=\"article:modified_time\" content=\"2026-03-19T14:59:20+00:00\" \/>\n<meta property=\"og:image\" content=\"https:\/\/etavisauk.org\/wp-content\/uploads\/2026\/03\/eta-uk-og-image.png\" \/>\n\t<meta property=\"og:image:width\" content=\"1200\" \/>\n\t<meta property=\"og:image:height\" content=\"630\" \/>\n\t<meta property=\"og:image:type\" content=\"image\/png\" \/>\n<meta name=\"twitter:card\" content=\"summary_large_image\" \/>\n<meta name=\"twitter:label1\" content=\"Becs\u00fclt olvas\u00e1si id\u0151\" \/>\n\t<meta name=\"twitter:data1\" content=\"2 perc\" \/>\n<script type=\"application\/ld+json\" class=\"yoast-schema-graph\">{\"@context\":\"https:\\\/\\\/schema.org\",\"@graph\":[{\"@type\":\"WebPage\",\"@id\":\"https:\\\/\\\/etavisauk.org\\\/en\\\/about-us\\\/\",\"url\":\"https:\\\/\\\/etavisauk.org\\\/en\\\/about-us\\\/\",\"name\":\"About Us - ETA UK\",\"isPartOf\":{\"@id\":\"https:\\\/\\\/etavisauk.org\\\/#website\"},\"datePublished\":\"2026-03-12T23:16:05+00:00\",\"dateModified\":\"2026-03-19T14:59:20+00:00\",\"description\":\"Learn about ETA UK, your trusted guide to the UK Electronic Travel Authorisation system. Independent resource with accurate, government-sourced information.\",\"breadcrumb\":{\"@id\":\"https:\\\/\\\/etavisauk.org\\\/en\\\/about-us\\\/#breadcrumb\"},\"inLanguage\":\"hu\",\"potentialAction\":[{\"@type\":\"ReadAction\",\"target\":[\"https:\\\/\\\/etavisauk.org\\\/en\\\/about-us\\\/\"]}]},{\"@type\":\"BreadcrumbList\",\"@id\":\"https:\\\/\\\/etavisauk.org\\\/en\\\/about-us\\\/#breadcrumb\",\"itemListElement\":[{\"@type\":\"ListItem\",\"position\":1,\"name\":\"Home\",\"item\":\"https:\\\/\\\/etavisauk.org\\\/en\\\/\"},{\"@type\":\"ListItem\",\"position\":2,\"name\":\"About Us\"}]},{\"@type\":\"WebSite\",\"@id\":\"https:\\\/\\\/etavisauk.org\\\/#website\",\"url\":\"https:\\\/\\\/etavisauk.org\\\/\",\"name\":\"ETA UK\",\"description\":\"\",\"publisher\":{\"@id\":\"https:\\\/\\\/etavisauk.org\\\/#organization\"},\"potentialAction\":[{\"@type\":\"SearchAction\",\"target\":{\"@type\":\"EntryPoint\",\"urlTemplate\":\"https:\\\/\\\/etavisauk.org\\\/?s={search_term_string}\"},\"query-input\":{\"@type\":\"PropertyValueSpecification\",\"valueRequired\":true,\"valueName\":\"search_term_string\"}}],\"inLanguage\":\"hu\"},{\"@type\":\"Organization\",\"@id\":\"https:\\\/\\\/etavisauk.org\\\/#organization\",\"name\":\"ETA UK\",\"alternateName\":\"ETA Visa UK\",\"url\":\"https:\\\/\\\/etavisauk.org\\\/\",\"logo\":{\"@type\":\"ImageObject\",\"inLanguage\":\"hu\",\"@id\":\"https:\\\/\\\/etavisauk.org\\\/#\\\/schema\\\/logo\\\/image\\\/\",\"url\":\"https:\\\/\\\/etavisauk.org\\\/wp-content\\\/uploads\\\/2026\\\/03\\\/eta-uk-logo-696.png\",\"contentUrl\":\"https:\\\/\\\/etavisauk.org\\\/wp-content\\\/uploads\\\/2026\\\/03\\\/eta-uk-logo-696.png\",\"width\":696,\"height\":696,\"caption\":\"ETA UK\"},\"image\":{\"@id\":\"https:\\\/\\\/etavisauk.org\\\/#\\\/schema\\\/logo\\\/image\\\/\"}}]}<\/script>\n<!-- \/ Yoast SEO plugin. -->","yoast_head_json":{"title":"R\u00f3lunk - ETA UK","description":"Ismerje meg az ETA UK-t, az Egyes\u00fclt Kir\u00e1lys\u00e1g elektronikus utaz\u00e1si enged\u00e9lyez\u00e9si rendszer\u00e9nek megb\u00edzhat\u00f3 \u00fatmutat\u00f3j\u00e1t. F\u00fcggetlen forr\u00e1s pontos, korm\u00e1nyzati forr\u00e1sb\u00f3l sz\u00e1rmaz\u00f3 inform\u00e1ci\u00f3kkal.","robots":{"index":"index","follow":"follow","max-snippet":"max-snippet:-1","max-image-preview":"max-image-preview:large","max-video-preview":"max-video-preview:-1"},"canonical":"https:\/\/etavisauk.org\/hu\/about-us\/","og_locale":"hu_HU","og_type":"article","og_title":"About Us - ETA UK","og_description":"Learn about ETA UK, your trusted guide to the UK Electronic Travel Authorisation system. Independent resource with accurate, government-sourced information.","og_url":"https:\/\/etavisauk.org\/hu\/about-us\/","og_site_name":"ETA UK","article_modified_time":"2026-03-19T14:59:20+00:00","og_image":[{"width":1200,"height":630,"url":"https:\/\/etavisauk.org\/wp-content\/uploads\/2026\/03\/eta-uk-og-image.png","type":"image\/png"}],"twitter_card":"summary_large_image","twitter_misc":{"Becs\u00fclt olvas\u00e1si id\u0151":"2 perc"},"schema":{"@context":"https:\/\/schema.org","@graph":[{"@type":"WebPage","@id":"https:\/\/etavisauk.org\/en\/about-us\/","url":"https:\/\/etavisauk.org\/en\/about-us\/","name":"R\u00f3lunk - ETA UK","isPartOf":{"@id":"https:\/\/etavisauk.org\/#website"},"datePublished":"2026-03-12T23:16:05+00:00","dateModified":"2026-03-19T14:59:20+00:00","description":"Ismerje meg az ETA UK-t, az Egyes\u00fclt Kir\u00e1lys\u00e1g elektronikus utaz\u00e1si enged\u00e9lyez\u00e9si rendszer\u00e9nek megb\u00edzhat\u00f3 \u00fatmutat\u00f3j\u00e1t. F\u00fcggetlen forr\u00e1s pontos, korm\u00e1nyzati forr\u00e1sb\u00f3l sz\u00e1rmaz\u00f3 inform\u00e1ci\u00f3kkal.","breadcrumb":{"@id":"https:\/\/etavisauk.org\/en\/about-us\/#breadcrumb"},"inLanguage":"hu","potentialAction":[{"@type":"ReadAction","target":["https:\/\/etavisauk.org\/en\/about-us\/"]}]},{"@type":"BreadcrumbList","@id":"https:\/\/etavisauk.org\/en\/about-us\/#breadcrumb","itemListElement":[{"@type":"ListItem","position":1,"name":"Home","item":"https:\/\/etavisauk.org\/en\/"},{"@type":"ListItem","position":2,"name":"About Us"}]},{"@type":"WebSite","@id":"https:\/\/etavisauk.org\/#website","url":"https:\/\/etavisauk.org\/","name":"ETA UK","description":"","publisher":{"@id":"https:\/\/etavisauk.org\/#organization"},"potentialAction":[{"@type":"SearchAction","target":{"@type":"EntryPoint","urlTemplate":"https:\/\/etavisauk.org\/?s={search_term_string}"},"query-input":{"@type":"PropertyValueSpecification","valueRequired":true,"valueName":"search_term_string"}}],"inLanguage":"hu"},{"@type":"Organization","@id":"https:\/\/etavisauk.org\/#organization","name":"ETA UK","alternateName":"ETA Visa UK","url":"https:\/\/etavisauk.org\/","logo":{"@type":"ImageObject","inLanguage":"hu","@id":"https:\/\/etavisauk.org\/#\/schema\/logo\/image\/","url":"https:\/\/etavisauk.org\/wp-content\/uploads\/2026\/03\/eta-uk-logo-696.png","contentUrl":"https:\/\/etavisauk.org\/wp-content\/uploads\/2026\/03\/eta-uk-logo-696.png","width":696,"height":696,"caption":"ETA UK"},"image":{"@id":"https:\/\/etavisauk.org\/#\/schema\/logo\/image\/"}}]}},"_links":{"self":[{"href":"https:\/\/etavisauk.org\/hu\/wp-json\/wp\/v2\/pages\/881","targetHints":{"allow":["GET"]}}],"collection":[{"href":"https:\/\/etavisauk.org\/hu\/wp-json\/wp\/v2\/pages"}],"about":[{"href":"https:\/\/etavisauk.org\/hu\/wp-json\/wp\/v2\/types\/page"}],"author":[{"embeddable":true,"href":"https:\/\/etavisauk.org\/hu\/wp-json\/wp\/v2\/users\/1"}],"replies":[{"embeddable":true,"href":"https:\/\/etavisauk.org\/hu\/wp-json\/wp\/v2\/comments?post=881"}],"version-history":[{"count":2,"href":"https:\/\/etavisauk.org\/hu\/wp-json\/wp\/v2\/pages\/881\/revisions"}],"predecessor-version":[{"id":966,"href":"https:\/\/etavisauk.org\/hu\/wp-json\/wp\/v2\/pages\/881\/revisions\/966"}],"wp:attachment":[{"href":"https:\/\/etavisauk.org\/hu\/wp-json\/wp\/v2\/media?parent=881"}],"curies":[{"name":"wp","href":"https:\/\/api.w.org\/{rel}","templated":true}]}}